{"id":120577,"date":"2021-02-03T09:14:53","date_gmt":"2021-02-03T07:14:53","guid":{"rendered":"https:\/\/www.sekundomer.ee\/?page_id=120577"},"modified":"2021-12-25T13:22:34","modified_gmt":"2021-12-25T11:22:34","slug":"2021-2","status":"publish","type":"page","link":"https:\/\/www.sekundomer.ee\/et\/protokoly\/2021-2\/","title":{"rendered":"2021"},"content":{"rendered":"<p>Ida-Virumaa Argip\u00e4eva Suusa\u00f5htud. 1.etapp. Pannj\u00e4rve. 3.02. <a href=\"https:\/\/www.sekundomer.ee\/wp-content\/uploads\/2021\/02\/Pannjarve1etapp_03022021.xlsx\"><strong>Protokoll<\/strong><\/a>.<br \/>\n22 Alutaguse Maraton. 13.02. <strong><a href=\"https:\/\/www.estoloppet.ee\/et\/etapid?competition_id=336&amp;action=results&amp;distance_id=364&amp;results_competition_id=336\">Protokoll<\/a><\/strong>.<br \/>\nIda-Virumaa Argip\u00e4eva Suusa\u00f5htud. 2.etapp. M\u00e4etaguse.16.02. <strong><a href=\"https:\/\/www.sekundomer.ee\/wp-content\/uploads\/2021\/02\/Maetaguse-suusasprint_10022021.docx\">Protokoll<\/a><\/strong>.<br \/>\nIda-Virumaa Argip\u00e4eva Suusa\u00f5htud. 3.etapp. Pannj\u00e4rve. 18.02. <strong><a href=\"https:\/\/www.sekundomer.ee\/wp-content\/uploads\/2021\/02\/Pannjarve2etapp_18022021.pdf\">Protokoll<\/a><\/strong>.<br \/>\nVII Narva Suusas\u00f5it 2021. Narva. 24.02. <strong><a href=\"https:\/\/drive.google.com\/drive\/folders\/1f4SdTJ6zxAPFSqSTYdRNPVq--RDWOEme\">Protokoll<\/a><\/strong>.<br \/>\nIda-Virumaa Argip\u00e4eva Suusa\u00f5htud. 5.etapp. Pannj\u00e4rve. 2.03. <strong><a href=\"https:\/\/www.sekundomer.ee\/wp-content\/uploads\/2021\/03\/Pannjarve3etapp_02032021.xlsx-uhisstardid.pdf\">Protokoll<\/a><\/strong>.<br \/>\nH\u00fcdroeletrijaama jooks. Tudulinna. 15.05. <a href=\"https:\/\/www.sekundomer.ee\/wp-content\/uploads\/2021\/05\/hydroelektrijaamajooks-15052021.pdf\"><strong>Protokoll<\/strong><\/a>.<br \/>\n7. Narva-J\u00f5esuu rannajooks. 22.05. <strong><a href=\"https:\/\/www.sekundomer.ee\/wp-content\/uploads\/2021\/05\/TULEMUSED_Rannajooks2021-1.pdf\">Protokoll<\/a><\/strong>.<br \/>\nKohtla-J\u00e4rve KJK Atleetika noorte heitjate seeriav\u00f5istluste I etapp. 25.05. <strong><a href=\"https:\/\/www.sekundomer.ee\/wp-content\/uploads\/2021\/05\/Kohtla-Jarve-KJK-Atleetika-noorte-heitjate-seeriavoistluste-I-et.protokoll.xlsx\">Protokoll<\/a><\/strong>.<br \/>\nIII Kahe Silla jooks 2021. Kukruse. 29.05. <strong><a href=\"https:\/\/www.sekundomer.ee\/et\/protokoly\/2021-2\/\">Protokoll<\/a><\/strong>.<br \/>\n5. \u00dcmber Kurem\u00e4e kloostri jooks. 6.06. <strong><a href=\"https:\/\/www.sekundomer.ee\/wp-content\/uploads\/2021\/06\/kurem6e-6062021-1.pdf\">Protokoll<\/a><\/strong>.<br \/>\nJ\u00f5hvi Cup kergej\u00f5ustiku v\u00f5istlused. 9.06. J\u00f5hvi vald. <strong><a href=\"https:\/\/www.sekundomer.ee\/wp-content\/uploads\/2021\/06\/Johvi-CUP-kj-voistlused-protokoll-9062021.xlsx\">Protokoll<\/a><\/strong>.<br \/>\nIda-Virumaa noorte kergej\u00f5ustiku meistriv\u00f5istlused. 20.06. J\u00f5hvi vald. <strong><a href=\"https:\/\/www.sekundomer.ee\/wp-content\/uploads\/2021\/06\/Ida-Virumaa-noorte-mv-protokoll-20062021-1.xlsx\">Protokoll<\/a><\/strong>.<br \/>\nII Maido Keskk\u00fcla m\u00e4lestusjooks. 24.06. Saka. <strong><a href=\"https:\/\/www.sekundomer.ee\/wp-content\/uploads\/2021\/06\/MaidoKeskkyla-jooks-24062021.pdf\">Protokoll<\/a><\/strong>.<br \/>\nToila SPA jooks. Toila vald. 11.07. <strong><a href=\"https:\/\/www.sekundomer.ee\/wp-content\/uploads\/2021\/07\/Toila-SPAjooks.pdf\">Protokoll<\/a><\/strong>.<br \/>\n5.R\u00e4\u00e4bisejooks. Alaj\u00f5e. 7.08. <strong><a href=\"https:\/\/www.sekundomer.ee\/wp-content\/uploads\/2021\/08\/Raabisejooks7082021.pdf\">Protokoll<\/a><\/strong>.<br \/>\nKohtla-J\u00e4rve lahtiste\u00a0 kergej\u00f5ustiku meistriv\u00f5istlus. J\u00f5hvi. 1.09. <strong><a href=\"https:\/\/www.sekundomer.ee\/wp-content\/uploads\/2021\/09\/K-Jarvekjmvprotokoll1092021.xlsx\">Protokoll<\/a><br \/>\n<\/strong>27. Toila valla rahvajooks. 3.09. Voka. <strong><a href=\"https:\/\/www.sekundomer.ee\/wp-content\/uploads\/2021\/09\/Toila-rahvajooks2021.pdf\">Protokoll<\/a><\/strong>. <strong><a href=\"https:\/\/www.sekundomer.ee\/wp-content\/uploads\/2021\/09\/Toila-jooksusari-2021_koond.pdf\">\u00dcldprotokoll<\/a><\/strong>.<br \/>\nXL P\u00fcssi seeriajooksu juubelistart. 17.09. P\u00fcssi. <strong><a href=\"https:\/\/www.sekundomer.ee\/wp-content\/uploads\/2021\/09\/Juubelistart-PUSSI-JOOKS-protokoll-loplik-2.xlsx\">Protokoll<\/a><\/strong>.<br \/>\n9. Iisaku rahvajooks. 26.09. Iizaku. <strong><a href=\"https:\/\/www.sekundomer.ee\/wp-content\/uploads\/2021\/09\/iisaku-rahvajooks-26092021.pdf\">Protokoll<\/a><\/strong>.<br \/>\nIda-Virumaa MV murdmaajooksus. 23.10. Pannj\u00e4rve. <strong><a href=\"https:\/\/www.sekundomer.ee\/wp-content\/uploads\/2021\/10\/IV-MV-murdmaajooksus2021.pdf\">Protokoll<\/a><\/strong>.<br \/>\nSportaeroobika v\u00f5istlused KOHTLA-J\u00c4RVE OPEN CUP. 24.10. Protokoll &#8211; <strong><a href=\"https:\/\/www.sekundomer.ee\/wp-content\/uploads\/2021\/10\/Kohtla-Jarve-Open-Cup-2021-1.docx\">1<\/a><\/strong>, <strong><a href=\"https:\/\/www.sekundomer.ee\/wp-content\/uploads\/2021\/10\/Kohtla-Jarve-Open-Cup-2021-2.docx\">2<\/a><\/strong>.<br \/>\nKohtla-J\u00e4rve sisekergej\u00f5ustiku meistriv\u00f5istlused. 20.11. Ahtme. <strong><a href=\"https:\/\/www.sekundomer.ee\/wp-content\/uploads\/2021\/11\/Kohtla-Jarvemvprotokoll20112021.xlsx\">Protokoll<\/a><\/strong>.<br \/>\nKristina Nurga Auhinnav\u00f5istlus 2021. Kohtla-J\u00e4rve. 21.11. <strong><a href=\"https:\/\/www.sekundomer.ee\/wp-content\/uploads\/2021\/11\/Result-List-21-11-21-1.pdf\">Protokoll<\/a><\/strong>.<br \/>\nNoortesarja II etapp. Kohtla-J\u00e4rve. 4.12. <strong><a href=\"https:\/\/www.sekundomer.ee\/wp-content\/uploads\/2021\/12\/Noortesarja_II_Etapp_041221.pdf\">Protokoll<\/a><\/strong>.<br \/>\nReede\u00f5htused suusav\u00f5istlused, 1 etapp. 24.12. Narva. <strong><a href=\"https:\/\/www.sekundomer.ee\/wp-content\/uploads\/2021\/12\/reedeohtud.xlsx2_.xlsx\">Protokoll<\/a><\/strong>.<\/p>\n","protected":false},"excerpt":{"rendered":"<p>Ida-Virumaa Argip\u00e4eva Suusa\u00f5htud. 1.etapp. Pannj\u00e4rve. 3.02. Protokoll. 22 Alutaguse Maraton. 13.02. Protokoll. Ida-Virumaa Argip\u00e4eva Suusa\u00f5htud. 2.etapp. M\u00e4etaguse.16.02. Protokoll. Ida-Virumaa Argip\u00e4eva Suusa\u00f5htud. 3.etapp. Pannj\u00e4rve. 18.02. Protokoll. VII Narva Suusas\u00f5it 2021. Narva. 24.02. Protokoll. Ida-Virumaa Argip\u00e4eva Suusa\u00f5htud. 5.etapp. Pannj\u00e4rve. 2.03. Protokoll. H\u00fcdroeletrijaama jooks. Tudulinna. 15.05. Protokoll. 7. Narva-J\u00f5esuu rannajooks. 22.05. Protokoll. Kohtla-J\u00e4rve KJK Atleetika noorte heitjate seeriav\u00f5istluste [&hellip;]<\/p>\n","protected":false},"author":80,"featured_media":0,"parent":88235,"menu_order":0,"comment_status":"closed","ping_status":"closed","template":"","meta":{"_seopress_robots_primary_cat":"","_seopress_titles_title":"","_seopress_titles_desc":"","_seopress_robots_index":"","footnotes":""},"class_list":["post-120577","page","type-page","status-publish"],"_links":{"self":[{"href":"https:\/\/www.sekundomer.ee\/et\/wp-json\/wp\/v2\/pages\/120577","targetHints":{"allow":["GET"]}}],"collection":[{"href":"https:\/\/www.sekundomer.ee\/et\/wp-json\/wp\/v2\/pages"}],"about":[{"href":"https:\/\/www.sekundomer.ee\/et\/wp-json\/wp\/v2\/types\/page"}],"author":[{"embeddable":true,"href":"https:\/\/www.sekundomer.ee\/et\/wp-json\/wp\/v2\/users\/80"}],"replies":[{"embeddable":true,"href":"https:\/\/www.sekundomer.ee\/et\/wp-json\/wp\/v2\/comments?post=120577"}],"version-history":[{"count":0,"href":"https:\/\/www.sekundomer.ee\/et\/wp-json\/wp\/v2\/pages\/120577\/revisions"}],"up":[{"embeddable":true,"href":"https:\/\/www.sekundomer.ee\/et\/wp-json\/wp\/v2\/pages\/88235"}],"wp:attachment":[{"href":"https:\/\/www.sekundomer.ee\/et\/wp-json\/wp\/v2\/media?parent=120577"}],"curies":[{"name":"wp","href":"https:\/\/api.w.org\/{rel}","templated":true}]}}