{"id":130005,"date":"2021-09-14T15:49:31","date_gmt":"2021-09-14T12:49:31","guid":{"rendered":"https:\/\/www.sekundomer.ee\/?page_id=130005"},"modified":"2021-09-14T15:49:31","modified_gmt":"2021-09-14T12:49:31","slug":"hoki-hooaeg-2020-2021","status":"publish","type":"page","link":"https:\/\/www.sekundomer.ee\/et\/hoki-hooaeg-2020-2021\/","title":{"rendered":"Hoki Hooaeg 2020\/2021"},"content":{"rendered":"<p>&nbsp;<\/p>\n<table width=\"756\">\n<tbody>\n<tr>\n<td><strong>\u00a0<\/strong><\/td>\n<td width=\"112\"><strong>V\u00f5istkond<\/strong><\/td>\n<td width=\"54\"><strong>M\u00e4nge<\/strong><\/td>\n<td width=\"66\"><strong>V\u00f5ite<\/strong><\/td>\n<td width=\"72\"><strong>V\u00f5ite lisaajal<\/strong><\/td>\n<td width=\"72\"><strong>Kaotusi lisaajal<\/strong><\/td>\n<td width=\"83\"><strong>Kaotusi<\/strong><\/td>\n<td width=\"119\"><strong>V\u00e4ravate vahe<\/strong><\/td>\n<td width=\"28\"><strong>Punkte<\/strong><\/td>\n<\/tr>\n<tr>\n<td><strong>1<\/strong><\/td>\n<td width=\"112\"><strong>Tartu V\u00e4lk 494<\/strong><\/td>\n<td width=\"54\"><strong>\u00a016<\/strong><\/td>\n<td width=\"66\"><strong>\u00a013<\/strong><\/td>\n<td width=\"72\"><strong>\u00a00<\/strong><\/td>\n<td width=\"72\"><strong>\u00a0 2<\/strong><\/td>\n<td width=\"83\"><strong>\u00a01<\/strong><\/td>\n<td width=\"119\"><strong>\u00a0138:64<\/strong><\/td>\n<td width=\"28\"><strong>\u00a028<\/strong><\/td>\n<\/tr>\n<tr>\n<td><strong>2<\/strong><\/td>\n<td width=\"112\"><strong>HC Everest K-J\u00e4rve<\/strong><\/td>\n<td width=\"54\"><strong>\u00a016<\/strong><\/td>\n<td width=\"66\"><strong>\u00a07<\/strong><\/td>\n<td width=\"72\"><strong>\u00a03<\/strong><\/td>\n<td width=\"72\"><strong>\u00a00<\/strong><\/td>\n<td width=\"83\"><strong>\u00a06<\/strong><\/td>\n<td width=\"119\"><strong>\u00a070:87<\/strong><\/td>\n<td width=\"28\"><strong>\u00a020<\/strong><\/td>\n<\/tr>\n<tr>\n<td><strong>3<\/strong><\/td>\n<td width=\"112\"><strong>HC Panter Tallinn<\/strong><\/td>\n<td width=\"54\"><strong>\u00a016<\/strong><\/td>\n<td width=\"66\"><strong>\u00a08<\/strong><\/td>\n<td width=\"72\"><strong>\u00a00<\/strong><\/td>\n<td width=\"72\"><strong>\u00a02<\/strong><\/td>\n<td width=\"83\"><strong>\u00a06<\/strong><\/td>\n<td width=\"119\"><strong>\u00a069:62<\/strong><\/td>\n<td width=\"28\"><strong>\u00a018<\/strong><\/td>\n<\/tr>\n<tr>\n<td><strong>4<\/strong><\/td>\n<td width=\"112\"><strong>Narva PSK<\/strong><\/td>\n<td width=\"54\"><strong>\u00a016<\/strong><\/td>\n<td width=\"66\"><strong>\u00a05<\/strong><\/td>\n<td width=\"72\"><strong>\u00a00<\/strong><\/td>\n<td width=\"72\"><strong>\u00a00<\/strong><\/td>\n<td width=\"83\"><strong>\u00a011<\/strong><\/td>\n<td width=\"119\"><strong>\u00a066:85<\/strong><\/td>\n<td width=\"28\"><strong>\u00a010<\/strong><\/td>\n<\/tr>\n<tr>\n<td><strong>5<\/strong><\/td>\n<td width=\"112\"><strong>HC Vipers Tallinn<\/strong><\/td>\n<td width=\"54\"><strong>\u00a016<\/strong><\/td>\n<td width=\"66\"><strong>\u00a02<\/strong><\/td>\n<td width=\"72\"><strong>\u00a02<\/strong><\/td>\n<td width=\"72\"><strong>\u00a01<\/strong><\/td>\n<td width=\"83\"><strong>\u00a011<\/strong><\/td>\n<td width=\"119\"><strong>\u00a063:108<\/strong><\/td>\n<td width=\"28\"><strong>\u00a09<\/strong><\/td>\n<\/tr>\n<\/tbody>\n<\/table>\n<p>&nbsp;<\/p>\n<p><strong>1 ring<br \/>\n<\/strong>10.oktoober: <strong>Everest<\/strong> &#8211; V\u00e4lk 494 6:5. <strong><a href=\"https:\/\/www.sekundomer.ee\/et\/fotoreportaazid\/jaahoki-mang-hc-everest-ja-hc-valk-494-meeskondade-vahel-10-oktoober-2020\/\">Pildid<\/a><\/strong>.<br \/>\n10.oktoober: PSK &#8211;<strong> Panter<\/strong> 2:4<br \/>\n17.oktoober: <strong>Everest<\/strong> &#8211; PSK 7:5. <strong><a href=\"https:\/\/www.sekundomer.ee\/et\/fotoreportaazid\/jaahokimang-voistkondade-everest-kohtla-jarve-ja-psk-narva-vahel-17-10-2020\/\">Pildid<\/a><\/strong>.<br \/>\n17.oktoober: <strong>Tartu V\u00e4lk 494<\/strong> &#8211; HC Vipers 14:1<br \/>\n24.oktoober: <strong>HC Panter<\/strong> &#8211; Tartu V\u00e4lk 494 7:4<br \/>\n24.oktoober: <strong>HC Vipers<\/strong> &#8211; HC Everest 7:2<br \/>\n31.oktoober: HC Panter &#8211; <strong>HC Everest<\/strong> 3:4 (\u041e\u0422)<br \/>\n31.oktoober: <strong>PSK<\/strong> &#8211; HC Vipers 10:0<\/p>\n<p>21.november: <strong>Tartu V\u00e4lk 494<\/strong> &#8211; HC Everes 14:2<br \/>\n19.detsember: HC Vipers &#8211;<strong> HC Panter<\/strong> 3:7<\/p>\n<p><em>jaanuar 2021<br \/>\n<\/em>9.jaanuar: HC Panter &#8211; <strong>Tartu V\u00e4lk 494<\/strong> 3:5<br \/>\n9.jaanuar: <strong>Narva PSK<\/strong> &#8211; HC Everest 3:1<br \/>\n10.jaanuar: <strong>Narva PSK<\/strong> &#8211; HC Vipers 9:2<br \/>\n16.jaanuar: <strong>Tartu V\u00e4lk<\/strong> &#8211; Narva PSK 9:4<br \/>\n16.jaanuar: <strong>HC Vipers<\/strong> &#8211; HC Everest 7:2<br \/>\n17. jaanuar: <strong>HC Everest<\/strong> &#8211; HC Panter 3:1<br \/>\n23.jaanuar: <strong>Tartu V\u00e4lk <\/strong>&#8211; HC Everest 13:3<br \/>\n23.jaanuar: Narva PSK &#8211; <strong>HC Panter<\/strong> 2:6<br \/>\n24.jaanuar: HC Vipers &#8211; <strong>HC Panter<\/strong> 2:6<br \/>\n30.jaanuar: <strong>Tartu V\u00e4lk 494<\/strong> &#8211; HC Vipers 10:5<br \/>\n30.jaanuar: HC Panter &#8211; <strong>HC Everest<\/strong> 3:5<br \/>\n31.jaanuar: Narva PSK &#8211; <strong>Tartu V\u00e4lk 494<\/strong> 3:9<\/p>\n<p><em>Veebruar 2021<br \/>\n<\/em>6.veebruar: HC Everest\u00a0 &#8211; <strong>Tartu V\u00e4lk 3:8. <a href=\"https:\/\/www.sekundomer.ee\/et\/fotoreportaazid\/hokimang-hc-everest-hc-valk-494-kohtla-jarve-6-02-2021\/\">Pildid<\/a><br \/>\n<\/strong>6.veebruar: <strong>HC Panter<\/strong> &#8211; HC Vipers 3:2<br \/>\n7.veebruar: <strong>Tartu V\u00e4lk<\/strong> &#8211; Narva PSK 7:1<br \/>\n13.veebruar: HC Vipers &#8211; <strong>Narva PSK<\/strong> 3:4<br \/>\n13.veebruar: <strong>Tartu V\u00e4lk 494<\/strong> &#8211; HC Panter 9:6<br \/>\n20.veebruar: <strong>HC Vipers<\/strong> &#8211; Tartu V\u00e4lk 494 8:7 (\u041e\u0422)<br \/>\n27.veebruar: <strong>HC Everest<\/strong> &#8211; HC Vipers 8:4<br \/>\n27.veebruar: <strong>HC Panter<\/strong> &#8211; Narva PSK 3:2<br \/>\n28.veebruar: Narva PSK &#8211; <strong>HC Everest<\/strong> 5:9<br \/>\n28.veebruar: HC Vipers &#8211; <strong>Tartu V\u00e4lk 494<\/strong> 6:12<\/p>\n<p>m\u00e4rts 2021<br \/>\n6.m\u00e4rts: Narva PSK &#8211; <strong>Tartu V\u00e4lk 494<\/strong> 3:7<br \/>\n7.m\u00e4rts: <strong>HC Everest<\/strong> &#8211; HC Vipers 4:3 (\u041e\u0422)<br \/>\n13.m\u00e4rts: <strong>HC Everest<\/strong> &#8211; Narva PSK 7:4. <strong><a href=\"https:\/\/www.sekundomer.ee\/et\/fotoreportaazid\/hokimang-hc-everest-hc-psk-13-marts-2021\/\">Pildid<\/a><\/strong><br \/>\n13.m\u00e4rts: <strong>Tartu V\u00e4lk 494<\/strong> &#8211; HC Panter 5:3<br \/>\n14.m\u00e4rts: <strong>HC Panter<\/strong> &#8211; Narva PSK 7:4<br \/>\n20.m\u00e4rts: HC Vipers &#8211; <strong>Narva PSK<\/strong> 4:5<br \/>\n27.m\u00e4rts: <strong>HC Everest<\/strong> &#8211; HC Panter 4:2. <a href=\"https:\/\/www.sekundomer.ee\/et\/fotoreportaazid\/hokimang-hc-everest-hc-panter-27-marts-2021\/\"><strong>Pildid<\/strong><\/a><br \/>\n28.m\u00e4rts: <strong>HC Vipers<\/strong> &#8211; HC Panter 6:5 (\u041e\u0422)<\/p>\n<h2><strong>Eesti j\u00e4\u00e4hoki karikas<\/strong><\/h2>\n<p><strong>Poolfinaal<\/strong><br \/>\n03.04.2021 Astri Arena. <strong>Tartu V\u00e4lk<\/strong> \u2013 Narva PSK 6:4<br \/>\n03.04.2021 Kohtla-J\u00e4rve j\u00e4\u00e4hall. HC Everest \u2013 <strong>HC Panter<\/strong> 1:6<\/p>\n<p><strong>Finaal<\/strong><br \/>\n04.04.2021 <strong>Tartu V\u00e4lk<\/strong> &#8211; HC Panter 5:1<br \/>\n10.04.2021 <strong>HC Panter<\/strong> &#8211; Tartu V\u00e4lk 4:2<br \/>\n11.04.2021 <strong>Tartu V\u00e4lk<\/strong> &#8211; HC Panter 6:1<\/p>\n","protected":false},"excerpt":{"rendered":"<p>&nbsp; \u00a0 V\u00f5istkond M\u00e4nge V\u00f5ite V\u00f5ite lisaajal Kaotusi lisaajal Kaotusi V\u00e4ravate vahe Punkte 1 Tartu V\u00e4lk 494 \u00a016 \u00a013 \u00a00 \u00a0 2 \u00a01 \u00a0138:64 \u00a028 2 HC Everest K-J\u00e4rve \u00a016 \u00a07 \u00a03 \u00a00 \u00a06 \u00a070:87 \u00a020 3 HC Panter Tallinn \u00a016 \u00a08 \u00a00 \u00a02 \u00a06 \u00a069:62 \u00a018 4 Narva PSK \u00a016 \u00a05 \u00a00 \u00a00 \u00a011 [&hellip;]<\/p>\n","protected":false},"author":80,"featured_media":0,"parent":0,"menu_order":0,"comment_status":"closed","ping_status":"closed","template":"","meta":{"_seopress_robots_primary_cat":"","_seopress_titles_title":"","_seopress_titles_desc":"","_seopress_robots_index":"","footnotes":""},"class_list":["post-130005","page","type-page","status-publish"],"_links":{"self":[{"href":"https:\/\/www.sekundomer.ee\/et\/wp-json\/wp\/v2\/pages\/130005","targetHints":{"allow":["GET"]}}],"collection":[{"href":"https:\/\/www.sekundomer.ee\/et\/wp-json\/wp\/v2\/pages"}],"about":[{"href":"https:\/\/www.sekundomer.ee\/et\/wp-json\/wp\/v2\/types\/page"}],"author":[{"embeddable":true,"href":"https:\/\/www.sekundomer.ee\/et\/wp-json\/wp\/v2\/users\/80"}],"replies":[{"embeddable":true,"href":"https:\/\/www.sekundomer.ee\/et\/wp-json\/wp\/v2\/comments?post=130005"}],"version-history":[{"count":0,"href":"https:\/\/www.sekundomer.ee\/et\/wp-json\/wp\/v2\/pages\/130005\/revisions"}],"wp:attachment":[{"href":"https:\/\/www.sekundomer.ee\/et\/wp-json\/wp\/v2\/media?parent=130005"}],"curies":[{"name":"wp","href":"https:\/\/api.w.org\/{rel}","templated":true}]}}