{"id":135957,"date":"2022-01-09T08:32:42","date_gmt":"2022-01-09T06:32:42","guid":{"rendered":"https:\/\/www.sekundomer.ee\/?page_id=135957"},"modified":"2022-09-24T19:18:52","modified_gmt":"2022-09-24T16:18:52","slug":"2022-2","status":"publish","type":"page","link":"https:\/\/www.sekundomer.ee\/et\/protokoly\/2022-2\/","title":{"rendered":"2022"},"content":{"rendered":"<p>Kohtla-J\u00e4rve lahtised meistriv\u00f5istlused kergej\u00f5ustikus. 6.01. Ahtme. <strong><a href=\"https:\/\/www.sekundomer.ee\/wp-content\/uploads\/2022\/01\/Kohtla-Jarve-mv-protokoll-6012022.xlsx\">Protokoll<\/a><\/strong>.<br \/>\nVello Kaaristo m\u00e4lesv\u00f5istluste suusatamises. 8.01. Narva. Protokoll &#8211; <strong><a href=\"https:\/\/www.sekundomer.ee\/wp-content\/uploads\/2022\/01\/1km.pdf\">1 km<\/a> <\/strong>ja <strong><a href=\"https:\/\/www.sekundomer.ee\/wp-content\/uploads\/2022\/01\/3-6km.pdf\">3-6 km<\/a><\/strong>.<br \/>\nIda-Virumaa argip\u00e4eva suusa\u00f5htud. 1.etapp. Pannj\u00e4rve. 12.01. <strong><a href=\"https:\/\/www.sekundomer.ee\/wp-content\/uploads\/2022\/01\/Pannjarve1.-etapp-2.pdf\">Protokoll<\/a><\/strong>.<br \/>\n41. Avo Talpase m\u00e4lesv\u00f5istluses. Kohtla-J\u00e4rve. 15.01. <strong><a href=\"https:\/\/www.sekundomer.ee\/wp-content\/uploads\/2022\/01\/Avo-Talpas-2022.pdf\">Protokoll<\/a><\/strong>.<br \/>\nIda-Virumaa sisekergej\u00f5ustiku meistriv\u00f5istlused. 15.01. <strong><a href=\"https:\/\/www.sekundomer.ee\/wp-content\/uploads\/2022\/01\/Ida-Virumaa-mv-protokoll-15012022.xlsx\">Protokoll<\/a><\/strong>.<br \/>\nIda-Virumaa argip\u00e4eva suusa\u00f5htud. 2.etapp. M\u00e4etaguse. 16.01. <strong><a href=\"https:\/\/www.sekundomer.ee\/wp-content\/uploads\/2022\/01\/Maetaguse-sprint19012022.pdf\">Protokoll<\/a><\/strong>.<br \/>\nIda-Virumaa argip\u00e4eva suusa\u00f5htud 2022. 3.etapp, \u00c4kkek\u00fcla. 26.01. <strong><a href=\"https:\/\/www.sekundomer.ee\/wp-content\/uploads\/2022\/01\/TULEMUSED-Argipaeva-Suusaohtud-Narva-etapp-26.01.22.pdf\">Protokoll<\/a><\/strong>.<br \/>\nJ\u00f5hvi CUP lahtised sisekergej\u00f5ustiku v\u00f5istlused. Ahtme. 5.02. <strong><a href=\"https:\/\/www.sekundomer.ee\/wp-content\/uploads\/2022\/02\/JohviCUPsisekjvoistlusteprotokoll50220221.xlsx\">Protokoll<\/a><\/strong>.<br \/>\nIda-Virumaa v\u00f5istkondlikud karikav\u00f5istlused sisekergej\u00f5ustikus. 19.03. <strong><a href=\"https:\/\/www.sekundomer.ee\/wp-content\/uploads\/2022\/03\/Ida-Virumaa-kj-kv-protokoll-19032022-1.xls\">Protokoll<\/a><\/strong>.<br \/>\nKohtla-J\u00e4rve Linna lahtised MV ujumises. Kohtla-J\u00e4rve. 30.04. <strong><a href=\"https:\/\/www.sekundomer.ee\/wp-content\/uploads\/2022\/05\/Result-list-3004.pdf\">Protokoll<\/a><\/strong>.<br \/>\n16. Kindral T\u00f5nissoni jooks. Pannj\u00e4rve. 1.05. <strong><a href=\"https:\/\/www.sekundomer.ee\/wp-content\/uploads\/2022\/05\/kindral-tonisson.pdf\">Protokoll<\/a><\/strong>.<br \/>\nKohtla-J\u00e4rve MV jooksmises, 1. etapp. Sprint. 13-14.05.2022. <strong><a href=\"https:\/\/www.sekundomer.ee\/wp-content\/uploads\/2022\/05\/Sprint-KJ-MV-2022.pdf\">Protokoll<\/a><\/strong>.<br \/>\nIda-Viru Lahtised meistriv\u00f5istlused. 10 km. Sillam\u00e4e. 21.05.2022. <strong><a href=\"https:\/\/www.sekundomer.ee\/wp-content\/uploads\/2022\/05\/10-km-Sillamae-2022.pdf\">Protokoll<\/a><\/strong>.<br \/>\nKohtla-J\u00e4rve MV jooksmises, 2. etapp. M\u00e4kkejooks. 20\/22.05.2022. <a href=\"https:\/\/www.sekundomer.ee\/wp-content\/uploads\/2022\/05\/Maakkejooks.pdf\"><strong>Protokoll<\/strong><\/a>.<br \/>\nIV Kahe Silla jooks. 4.06. Kukruse. <strong><a href=\"http:\/\/nelson.racetecresults.com\/results.aspx?CId=16267&amp;RId=6186&amp;EId=1\">Protokoll<\/a><\/strong>.<br \/>\nIda-Virumaa noorte kergej\u00f5ustiku meistriv\u00f5istluste. 18.06.2022. <strong><a href=\"https:\/\/www.sekundomer.ee\/wp-content\/uploads\/2022\/06\/Ida-Virumaa-noorte-kj-MV-protokoll-18062022.xlsx\">Protokoll<\/a><\/strong>.<br \/>\nIII Maido Keskk\u00fcla m\u00e4lestusjooks. Saka. 25.06.2022. <strong><a href=\"https:\/\/www.sekundomer.ee\/wp-content\/uploads\/2022\/06\/IIIMaidoKeskkyla-2022.pdf\">Protokoll<\/a><\/strong>.<br \/>\nXXV J\u00f5hvi Rahvajooks. 24.09.2022. <strong><a href=\"https:\/\/nelson.racetecresults.com\/results.aspx?CId=16267&amp;RId=6238&amp;EId=4\">Protokoll<\/a><\/strong>.<\/p>\n","protected":false},"excerpt":{"rendered":"<p>Kohtla-J\u00e4rve lahtised meistriv\u00f5istlused kergej\u00f5ustikus. 6.01. Ahtme. Protokoll. Vello Kaaristo m\u00e4lesv\u00f5istluste suusatamises. 8.01. Narva. Protokoll &#8211; 1 km ja 3-6 km. Ida-Virumaa argip\u00e4eva suusa\u00f5htud. 1.etapp. Pannj\u00e4rve. 12.01. Protokoll. 41. Avo Talpase m\u00e4lesv\u00f5istluses. Kohtla-J\u00e4rve. 15.01. Protokoll. Ida-Virumaa sisekergej\u00f5ustiku meistriv\u00f5istlused. 15.01. Protokoll. Ida-Virumaa argip\u00e4eva suusa\u00f5htud. 2.etapp. M\u00e4etaguse. 16.01. Protokoll. Ida-Virumaa argip\u00e4eva suusa\u00f5htud 2022. 3.etapp, \u00c4kkek\u00fcla. 26.01. Protokoll. J\u00f5hvi [&hellip;]<\/p>\n","protected":false},"author":80,"featured_media":0,"parent":88235,"menu_order":0,"comment_status":"closed","ping_status":"closed","template":"","meta":{"_seopress_robots_primary_cat":"","_seopress_titles_title":"","_seopress_titles_desc":"","_seopress_robots_index":"","footnotes":""},"class_list":["post-135957","page","type-page","status-publish"],"_links":{"self":[{"href":"https:\/\/www.sekundomer.ee\/et\/wp-json\/wp\/v2\/pages\/135957","targetHints":{"allow":["GET"]}}],"collection":[{"href":"https:\/\/www.sekundomer.ee\/et\/wp-json\/wp\/v2\/pages"}],"about":[{"href":"https:\/\/www.sekundomer.ee\/et\/wp-json\/wp\/v2\/types\/page"}],"author":[{"embeddable":true,"href":"https:\/\/www.sekundomer.ee\/et\/wp-json\/wp\/v2\/users\/80"}],"replies":[{"embeddable":true,"href":"https:\/\/www.sekundomer.ee\/et\/wp-json\/wp\/v2\/comments?post=135957"}],"version-history":[{"count":0,"href":"https:\/\/www.sekundomer.ee\/et\/wp-json\/wp\/v2\/pages\/135957\/revisions"}],"up":[{"embeddable":true,"href":"https:\/\/www.sekundomer.ee\/et\/wp-json\/wp\/v2\/pages\/88235"}],"wp:attachment":[{"href":"https:\/\/www.sekundomer.ee\/et\/wp-json\/wp\/v2\/media?parent=135957"}],"curies":[{"name":"wp","href":"https:\/\/api.w.org\/{rel}","templated":true}]}}