{"id":150090,"date":"2023-01-09T19:18:27","date_gmt":"2023-01-09T17:18:27","guid":{"rendered":"https:\/\/www.sekundomer.ee\/?page_id=150090"},"modified":"2023-06-18T06:32:15","modified_gmt":"2023-06-18T03:32:15","slug":"2023-2","status":"publish","type":"page","link":"https:\/\/www.sekundomer.ee\/et\/protokoly\/2023-2\/","title":{"rendered":"2023"},"content":{"rendered":"<p>Kohtla-J\u00e4rve lahtised sisekergej\u00f5ustiku meistriv\u00f5istlused. 26.01.2023. <a href=\"https:\/\/www.sekundomer.ee\/wp-content\/uploads\/2023\/02\/tul_Kohtla-JarvesiseMV20230126.pdf\"><span style=\"color: #008000;\"><strong>Protokoll<\/strong><\/span><\/a>.<br \/>\nV Kahe silla jooks. 17.06. Kukruse. <strong><span style=\"color: #008000;\"><a style=\"color: #008000;\" href=\"https:\/\/nelson.racetecresults.com\/results.aspx?CId=16267&amp;RId=6282\">Protokoll<\/a><\/span><\/strong>.<\/p>\n","protected":false},"excerpt":{"rendered":"<p>Kohtla-J\u00e4rve lahtised sisekergej\u00f5ustiku meistriv\u00f5istlused. 26.01.2023. Protokoll. V Kahe silla jooks. 17.06. Kukruse. Protokoll.<\/p>\n","protected":false},"author":80,"featured_media":0,"parent":88235,"menu_order":0,"comment_status":"closed","ping_status":"closed","template":"","meta":{"_seopress_robots_primary_cat":"","_seopress_titles_title":"","_seopress_titles_desc":"","_seopress_robots_index":"","footnotes":""},"class_list":["post-150090","page","type-page","status-publish"],"_links":{"self":[{"href":"https:\/\/www.sekundomer.ee\/et\/wp-json\/wp\/v2\/pages\/150090","targetHints":{"allow":["GET"]}}],"collection":[{"href":"https:\/\/www.sekundomer.ee\/et\/wp-json\/wp\/v2\/pages"}],"about":[{"href":"https:\/\/www.sekundomer.ee\/et\/wp-json\/wp\/v2\/types\/page"}],"author":[{"embeddable":true,"href":"https:\/\/www.sekundomer.ee\/et\/wp-json\/wp\/v2\/users\/80"}],"replies":[{"embeddable":true,"href":"https:\/\/www.sekundomer.ee\/et\/wp-json\/wp\/v2\/comments?post=150090"}],"version-history":[{"count":0,"href":"https:\/\/www.sekundomer.ee\/et\/wp-json\/wp\/v2\/pages\/150090\/revisions"}],"up":[{"embeddable":true,"href":"https:\/\/www.sekundomer.ee\/et\/wp-json\/wp\/v2\/pages\/88235"}],"wp:attachment":[{"href":"https:\/\/www.sekundomer.ee\/et\/wp-json\/wp\/v2\/media?parent=150090"}],"curies":[{"name":"wp","href":"https:\/\/api.w.org\/{rel}","templated":true}]}}