{"id":150155,"date":"2023-01-09T19:02:48","date_gmt":"2023-01-09T17:02:48","guid":{"rendered":"https:\/\/www.sekundomer.ee\/?page_id=150155"},"modified":"2023-01-12T23:03:33","modified_gmt":"2023-01-12T21:03:33","slug":"2023-3","status":"publish","type":"page","link":"https:\/\/www.sekundomer.ee\/et\/protokoly\/2023-3\/","title":{"rendered":"2023"},"content":{"rendered":"<p>Ida-Virumaa meistriv\u00f5istlused kergej\u00f5ustikus. Ahtme. 7.01. <strong><a href=\"https:\/\/www.sekundomer.ee\/wp-content\/uploads\/2023\/01\/Ida-virumaa-sisekj-MV-7.01.2023.xlsx\"><span style=\"color: #008000;\">Protokoll<\/span><\/a><\/strong>.<br \/>\nIda-Virumaa Argip\u00e4eva Suusa\u00f5htud. 1. etapp. Narva. 11.01. <span style=\"color: #008000;\"><strong><a style=\"color: #008000;\" href=\"https:\/\/www.sekundomer.ee\/wp-content\/uploads\/2023\/01\/Tulemused-11.01.23.pdf\">Protokoll<\/a><\/strong><\/span>.<\/p>\n","protected":false},"excerpt":{"rendered":"<p>Ida-Virumaa meistriv\u00f5istlused kergej\u00f5ustikus. Ahtme. 7.01. Protokoll. Ida-Virumaa Argip\u00e4eva Suusa\u00f5htud. 1. etapp. Narva. 11.01. Protokoll.<\/p>\n","protected":false},"author":80,"featured_media":0,"parent":88235,"menu_order":0,"comment_status":"closed","ping_status":"closed","template":"","meta":{"_seopress_robots_primary_cat":"","_seopress_titles_title":"","_seopress_titles_desc":"","_seopress_robots_index":"","footnotes":""},"class_list":["post-150155","page","type-page","status-publish"],"_links":{"self":[{"href":"https:\/\/www.sekundomer.ee\/et\/wp-json\/wp\/v2\/pages\/150155","targetHints":{"allow":["GET"]}}],"collection":[{"href":"https:\/\/www.sekundomer.ee\/et\/wp-json\/wp\/v2\/pages"}],"about":[{"href":"https:\/\/www.sekundomer.ee\/et\/wp-json\/wp\/v2\/types\/page"}],"author":[{"embeddable":true,"href":"https:\/\/www.sekundomer.ee\/et\/wp-json\/wp\/v2\/users\/80"}],"replies":[{"embeddable":true,"href":"https:\/\/www.sekundomer.ee\/et\/wp-json\/wp\/v2\/comments?post=150155"}],"version-history":[{"count":0,"href":"https:\/\/www.sekundomer.ee\/et\/wp-json\/wp\/v2\/pages\/150155\/revisions"}],"up":[{"embeddable":true,"href":"https:\/\/www.sekundomer.ee\/et\/wp-json\/wp\/v2\/pages\/88235"}],"wp:attachment":[{"href":"https:\/\/www.sekundomer.ee\/et\/wp-json\/wp\/v2\/media?parent=150155"}],"curies":[{"name":"wp","href":"https:\/\/api.w.org\/{rel}","templated":true}]}}