{"id":158321,"date":"2024-01-14T11:55:54","date_gmt":"2024-01-14T09:55:54","guid":{"rendered":"https:\/\/www.sekundomer.ee\/?page_id=158321"},"modified":"2024-09-29T16:23:08","modified_gmt":"2024-09-29T13:23:08","slug":"2024-2","status":"publish","type":"page","link":"https:\/\/www.sekundomer.ee\/et\/protokoly\/2024-2\/","title":{"rendered":"2024"},"content":{"rendered":"<p>Avo Talpase 43. m\u00e4lestusv\u00f5istlus kreeka-rooma maadluses. 13.01. <strong><span style=\"color: #008000;\"><a style=\"color: #008000;\" href=\"https:\/\/www.sekundomer.ee\/wp-content\/uploads\/2024\/01\/ENG1739678079_sl.pdf\">Protokoll<\/a><\/span><\/strong>.<br \/>\nKergej\u00f5ustik: Eesti talvised meistriv\u00f5istlused. 17-18.02. <strong><span style=\"color: #008000;\"><a style=\"color: #008000;\" href=\"https:\/\/www.ekjl.ee\/wp-content\/uploads\/2024\/02\/tul_EestitalvisedMv2024021718.pdf\">Protokoll<\/a><\/span><\/strong>.<br \/>\nKohtla-J\u00e4rve linnajooks. 18.05. <strong><span style=\"color: #008000;\"><a style=\"color: #008000;\" href=\"https:\/\/nelson.racetecresults.com\/results.aspx?CId=16267&amp;RId=6364&amp;EId=4\">Protokoll<\/a><\/span><\/strong>.<br \/>\n33. Kunda Linna jooks. 26.05. <strong><span style=\"color: #008000;\"><a style=\"color: #008000;\" href=\"https:\/\/nelson.racetecresults.com\/results.aspx?CId=16267&amp;RId=6366&amp;EId=1&amp;dt=1\">Protokoll<\/a><\/span><\/strong>.<br \/>\nVI Kahe Silla jooks. 26.05. Kukruse. <strong><span style=\"color: #008000;\"><a style=\"color: #008000;\" href=\"https:\/\/www.sekundomer.ee\/wp-content\/uploads\/2024\/05\/protokoll-vi-kahe-silla-jooks-26.-05.2024.pdf\">Protokoll<\/a><\/span><\/strong>.<br \/>\n5. Maido Keskk\u00fcla m\u00e4lestusjooks. 24.06. <strong><span style=\"color: #008000;\"><a style=\"color: #008000;\" href=\"https:\/\/www.sekundomer.ee\/wp-content\/uploads\/2024\/06\/5.maidokeskkula-malestusjooks.pdf\">Protokoll<\/a><\/span><\/strong>.<br \/>\n41. Rakvere rahvajooks. 29.09. <strong><span style=\"color: #008000;\"><a style=\"color: #008000;\" href=\"https:\/\/nelson.racetecresults.com\/results.aspx?CId=16267&amp;RId=6427\">Protokoll<\/a><\/span><\/strong>.<\/p>\n","protected":false},"excerpt":{"rendered":"<p>Avo Talpase 43. m\u00e4lestusv\u00f5istlus kreeka-rooma maadluses. 13.01. Protokoll. Kergej\u00f5ustik: Eesti talvised meistriv\u00f5istlused. 17-18.02. Protokoll. Kohtla-J\u00e4rve linnajooks. 18.05. Protokoll. 33. Kunda Linna jooks. 26.05. Protokoll. VI Kahe Silla jooks. 26.05. Kukruse. Protokoll. 5. Maido Keskk\u00fcla m\u00e4lestusjooks. 24.06. Protokoll. 41. Rakvere rahvajooks. 29.09. Protokoll.<\/p>\n","protected":false},"author":80,"featured_media":0,"parent":88235,"menu_order":0,"comment_status":"closed","ping_status":"closed","template":"","meta":{"_seopress_robots_primary_cat":"","_seopress_titles_title":"","_seopress_titles_desc":"","_seopress_robots_index":"","footnotes":""},"class_list":["post-158321","page","type-page","status-publish"],"_links":{"self":[{"href":"https:\/\/www.sekundomer.ee\/et\/wp-json\/wp\/v2\/pages\/158321","targetHints":{"allow":["GET"]}}],"collection":[{"href":"https:\/\/www.sekundomer.ee\/et\/wp-json\/wp\/v2\/pages"}],"about":[{"href":"https:\/\/www.sekundomer.ee\/et\/wp-json\/wp\/v2\/types\/page"}],"author":[{"embeddable":true,"href":"https:\/\/www.sekundomer.ee\/et\/wp-json\/wp\/v2\/users\/80"}],"replies":[{"embeddable":true,"href":"https:\/\/www.sekundomer.ee\/et\/wp-json\/wp\/v2\/comments?post=158321"}],"version-history":[{"count":0,"href":"https:\/\/www.sekundomer.ee\/et\/wp-json\/wp\/v2\/pages\/158321\/revisions"}],"up":[{"embeddable":true,"href":"https:\/\/www.sekundomer.ee\/et\/wp-json\/wp\/v2\/pages\/88235"}],"wp:attachment":[{"href":"https:\/\/www.sekundomer.ee\/et\/wp-json\/wp\/v2\/media?parent=158321"}],"curies":[{"name":"wp","href":"https:\/\/api.w.org\/{rel}","templated":true}]}}