{"id":159571,"date":"2024-02-21T19:09:20","date_gmt":"2024-02-21T17:09:20","guid":{"rendered":"https:\/\/www.sekundomer.ee\/?page_id=159571"},"modified":"2024-02-21T19:45:03","modified_gmt":"2024-02-21T17:45:03","slug":"spordiorganisatsioonid","status":"publish","type":"page","link":"https:\/\/www.sekundomer.ee\/et\/spordiorganisatsioonid\/","title":{"rendered":"Spordiorganisatsioonid"},"content":{"rendered":"<h2>Eesti Ol\u00fcmpiakomitee<\/h2>\n<p><a href=\"https:\/\/www.eok.ee\/et\">https:\/\/www.eok.ee\/et<\/a><\/p>\n<h2>MAAKONNA SPORDILIIDUD<\/h2>\n<p><a href=\"http:\/\/www.hiiumaasport.ee\/\">Hiiumaa Spordiliit<\/a><a href=\"http:\/\/www.joud.ee\/\"><br \/>\n<\/a><a href=\"http:\/\/www.eestikalev.ee\/\">Eesti Spordiselts Kalev<\/a><a href=\"http:\/\/www.joud.ee\/\"><br \/>\n<\/a><a href=\"http:\/\/www.joud.ee\/\">Eestimaa Spordiliit J\u00f5ud<\/a><a href=\"http:\/\/www.koolisport.ee\/\"><br \/>\n<\/a><a href=\"http:\/\/www.easl.ee\/\">Eesti Akadeemiline Spordiliit (EASL)<\/a><a href=\"http:\/\/www.koolisport.ee\/\"><br \/>\nEesti Koolispordi Liit<\/a><br \/>\n<a href=\"http:\/\/www.esvl.ee\/\">Eesti Spordiveteranide Liit<\/a><a href=\"http:\/\/www.tallinnasl.ee\/\"><br \/>\n<\/a><a href=\"http:\/\/www.harjusport.ee\/\">Harjumaa Spordiliit<\/a><a href=\"http:\/\/www.tallinnasl.ee\/\"><br \/>\n<\/a><a href=\"http:\/\/www.jslkalju.ee\/\">J\u00f5gevamaa Spordiliit Kalju<\/a><a href=\"http:\/\/www.tallinnasl.ee\/\"><br \/>\n<\/a><a href=\"http:\/\/www.jarvasport.ee\/\">J\u00e4rvamaa Spordiliit<\/a><a href=\"http:\/\/www.tallinnasl.ee\/\"><br \/>\n<\/a><a href=\"http:\/\/www.laanesport.ee\/\">L\u00e4\u00e4ne Maakonna Spordiinfo<\/a><a href=\"http:\/\/www.tallinnasl.ee\/\"><br \/>\n<\/a><a href=\"http:\/\/www.lvsl.ee\/\">L\u00e4\u00e4ne-Virumaa Spordiliit<\/a><a href=\"http:\/\/www.tallinnasl.ee\/\"><br \/>\n<\/a><a href=\"http:\/\/www.polvamaa.ee\/index.php?page=51&amp;\">P\u00f5lvamaa Sport<\/a><a href=\"http:\/\/www.tallinnasl.ee\/\"><br \/>\n<\/a><a href=\"http:\/\/www.psl.ee\/\">P\u00e4rnumaa Spordiliit<\/a><a href=\"http:\/\/www.tallinnasl.ee\/\"><br \/>\n<\/a><a href=\"http:\/\/www.raplamsl.ee\/\">Rapla Maakonna Spordiliit<\/a><a href=\"http:\/\/www.tallinnasl.ee\/\"><br \/>\n<\/a><a href=\"http:\/\/www.saaresport.ee\/\">Saaremaa Spordiliit<\/a><a href=\"http:\/\/www.tallinnasl.ee\/\"><br \/>\n<\/a><a href=\"http:\/\/www.maaspordiliit.ee\/index.php?mid=0\">Tartumaa Spordiliit<\/a><a href=\"http:\/\/www.tallinnasl.ee\/\"><br \/>\n<\/a><a href=\"http:\/\/www.valgamaasl.ee\/\">Valgamaa Spordiliit<\/a><a href=\"http:\/\/www.tallinnasl.ee\/\"><br \/>\n<\/a><a href=\"http:\/\/www.spordiliit.viljandimaa.ee\/?op=&amp;id=\">Viljandimaa Spordiliit<\/a><br \/>\n<a href=\"http:\/\/sportiv.ee\/\">Ida-Virumaa Spordiliit<\/a><\/p>\n<h2><a href=\"https:\/\/www.spordiregister.ee\/et\/treener\/treeneriteregister\/\">Treeneriteregister<\/a><\/h2>\n<h2>Spordiklubid Eestis<\/h2>\n<p><a href=\"https:\/\/www.spordiregister.ee\/et\/organisatsioon\/list?submit=query&amp;order=nimi.asc&amp;nimi=&amp;maakond_id=1&amp;kov_id=142&amp;spordiala_id=0&amp;esrliik%5BKL%5D=on\">Tallinn<\/a><\/p>\n<p><a href=\"https:\/\/www.spordiregister.ee\/et\/organisatsioon\/list?submit=query&amp;order=nimi.asc&amp;nimi=&amp;maakond_id=14&amp;kov_id=206&amp;spordiala_id=0&amp;esrliik%5BKL%5D=on\">Tartu<\/a><\/p>\n<p><a href=\"https:\/\/www.spordiregister.ee\/et\/organisatsioon\/list?submit=query&amp;order=nimi.asc&amp;nimi=&amp;maakond_id=11&amp;kov_id=133&amp;spordiala_id=0&amp;esrliik%5BKL%5D=on\">Rakvere<\/a><\/p>\n<p><a href=\"https:\/\/www.spordiregister.ee\/et\/organisatsioon\/list?submit=query&amp;order=nimi.asc&amp;nimi=&amp;maakond_id=15&amp;kov_id=213&amp;spordiala_id=0&amp;esrliik%5BKL%5D=on\">Narva<\/a><\/p>\n<p><a href=\"https:\/\/www.spordiregister.ee\/et\/organisatsioon\/list?submit=query&amp;order=nimi.asc&amp;nimi=&amp;maakond_id=15&amp;kov_id=212&amp;spordiala_id=0&amp;esrliik%5BKL%5D=on\">Kohtla-J\u00e4rve<\/a><\/p>\n<p><a href=\"https:\/\/www.spordiregister.ee\/et\/organisatsioon\/list?submit=query&amp;order=nimi.asc&amp;nimi=&amp;maakond_id=15&amp;kov_id=216&amp;spordiala_id=0&amp;esrliik%5BKL%5D=on\">Sillam\u00e4e<\/a><\/p>\n<p><a href=\"https:\/\/www.spordiregister.ee\/et\/organisatsioon\/list?submit=query&amp;order=nimi.asc&amp;nimi=&amp;maakond_id=15&amp;kov_id=222&amp;spordiala_id=0&amp;esrliik%5BKL%5D=on\">J\u00f5hvi vald<\/a><\/p>\n<p><a href=\"https:\/\/www.spordiregister.ee\/et\/organisatsioon\/list?submit=query&amp;order=nimi.asc&amp;nimi=&amp;maakond_id=12&amp;kov_id=154&amp;spordiala_id=0&amp;esrliik%5BKL%5D=on\">Viljandi<\/a><\/p>\n<p><a href=\"https:\/\/www.spordiregister.ee\/et\/organisatsioon\/list?submit=query&amp;order=nimi.asc&amp;nimi=&amp;maakond_id=5&amp;kov_id=151&amp;spordiala_id=0&amp;esrliik%5BKL%5D=on\">Paide<\/a><\/p>\n<p><a href=\"https:\/\/www.spordiregister.ee\/et\/organisatsioon\/list?submit=query&amp;order=nimi.asc&amp;nimi=&amp;maakond_id=5&amp;kov_id=151&amp;spordiala_id=0&amp;esrliik%5BKL%5D=on\">Valga vald<\/a><\/p>\n","protected":false},"excerpt":{"rendered":"<p>Eesti Ol\u00fcmpiakomitee https:\/\/www.eok.ee\/et MAAKONNA SPORDILIIDUD Hiiumaa Spordiliit Eesti Spordiselts Kalev Eestimaa Spordiliit J\u00f5ud Eesti Akadeemiline Spordiliit (EASL) Eesti Koolispordi Liit Eesti Spordiveteranide Liit Harjumaa Spordiliit J\u00f5gevamaa Spordiliit Kalju J\u00e4rvamaa Spordiliit L\u00e4\u00e4ne Maakonna Spordiinfo L\u00e4\u00e4ne-Virumaa Spordiliit P\u00f5lvamaa Sport P\u00e4rnumaa Spordiliit Rapla Maakonna Spordiliit Saaremaa Spordiliit Tartumaa Spordiliit Valgamaa Spordiliit Viljandimaa Spordiliit Ida-Virumaa Spordiliit Treeneriteregister Spordiklubid Eestis [&hellip;]<\/p>\n","protected":false},"author":80,"featured_media":0,"parent":0,"menu_order":0,"comment_status":"closed","ping_status":"closed","template":"","meta":{"_seopress_robots_primary_cat":"","_seopress_titles_title":"","_seopress_titles_desc":"","_seopress_robots_index":"","footnotes":""},"class_list":["post-159571","page","type-page","status-publish"],"_links":{"self":[{"href":"https:\/\/www.sekundomer.ee\/et\/wp-json\/wp\/v2\/pages\/159571","targetHints":{"allow":["GET"]}}],"collection":[{"href":"https:\/\/www.sekundomer.ee\/et\/wp-json\/wp\/v2\/pages"}],"about":[{"href":"https:\/\/www.sekundomer.ee\/et\/wp-json\/wp\/v2\/types\/page"}],"author":[{"embeddable":true,"href":"https:\/\/www.sekundomer.ee\/et\/wp-json\/wp\/v2\/users\/80"}],"replies":[{"embeddable":true,"href":"https:\/\/www.sekundomer.ee\/et\/wp-json\/wp\/v2\/comments?post=159571"}],"version-history":[{"count":0,"href":"https:\/\/www.sekundomer.ee\/et\/wp-json\/wp\/v2\/pages\/159571\/revisions"}],"wp:attachment":[{"href":"https:\/\/www.sekundomer.ee\/et\/wp-json\/wp\/v2\/media?parent=159571"}],"curies":[{"name":"wp","href":"https:\/\/api.w.org\/{rel}","templated":true}]}}