{"id":159585,"date":"2024-02-22T08:32:41","date_gmt":"2024-02-22T06:32:41","guid":{"rendered":"https:\/\/www.sekundomer.ee\/?page_id=159585"},"modified":"2024-08-11T05:45:28","modified_gmt":"2024-08-11T02:45:28","slug":"olumpiamangud","status":"publish","type":"page","link":"https:\/\/www.sekundomer.ee\/et\/olumpiamangud\/","title":{"rendered":"Ol\u00fcmpiam\u00e4ngud"},"content":{"rendered":"<h1><span style=\"color: #339966;\">\u00a0 \u00a0 \u00a0 \u00a0 \u00a0 \u00a0 \u00a0 \u00a0 \u00a0 \u00a0 \u00a0 \u00a0 \u00a0 \u00a0 \u00a0 PARIIS 2024<\/span><\/h1>\n<p>&nbsp;<\/p>\n<p><img loading=\"lazy\" decoding=\"async\" class=\"alignnone size-full wp-image-159600\" src=\"https:\/\/www.sekundomer.ee\/wp-content\/uploads\/2024\/02\/paris-logo.jpg\" alt=\"\" width=\"800\" height=\"339\" srcset=\"https:\/\/www.sekundomer.ee\/wp-content\/uploads\/2024\/02\/paris-logo.jpg 800w, https:\/\/www.sekundomer.ee\/wp-content\/uploads\/2024\/02\/paris-logo-310x131.jpg 310w, https:\/\/www.sekundomer.ee\/wp-content\/uploads\/2024\/02\/paris-logo-640x271.jpg 640w, https:\/\/www.sekundomer.ee\/wp-content\/uploads\/2024\/02\/paris-logo-768x325.jpg 768w\" sizes=\"auto, (max-width: 800px) 100vw, 800px\" \/><\/p>\n<p><strong><span style=\"color: #800000;\">2024. aasta Pariisi ol\u00fcmpia- ja paraol\u00fcmpiam\u00e4ngud on suurim Prantsusmaal korraldatud s\u00fcndmus. Ol\u00fcmpiam\u00e4ngud toimuvad 26. juulist 11. augustini 2024.<\/span><\/strong><\/p>\n<p>XXXIII ol\u00fcmpiaad<br \/>\n26. juulist 11. augustini 2024<br \/>\n19 v\u00f5istlusp\u00e4eva (k\u00e4sipall, jalgpall ja ragbi toimuvad alates 24. juulist)<br \/>\n329 s\u00fcndmust<br \/>\n206 rahvuslikku ol\u00fcmpiakomiteed<br \/>\n41 spordiala + 4 lisaspordiala<br \/>\n758 seanssi<br \/>\n10 500 sportlast<br \/>\nOl\u00fcmpiam\u00e4ngude ametlik <strong><span style=\"color: #008000;\"><a style=\"color: #008000;\" href=\"https:\/\/www.paris2024.org\/en\/\">leht<\/a><br \/>\n<\/span><\/strong><strong><span style=\"color: #008000;\"><a style=\"color: #008000;\" href=\"https:\/\/www.sekundomer.ee\/wp-content\/uploads\/2024\/02\/maskot.jpg\">Maskott\u00a0 \u00a0<\/a><\/span><span style=\"color: #008000;\"><a href=\"https:\/\/www.sekundomer.ee\/wp-content\/uploads\/2024\/02\/medaliid.jpg\"><span style=\"color: #008000;\">Ol\u00fcmpiamedalid<\/span><\/a><\/span><\/strong><\/p>\n<h2><strong><span style=\"color: #993366;\">Eesti koondis Pariisi ol\u00fcmpiam\u00e4ngudel<br \/>\n<\/span><\/strong><\/h2>\n<h4><span style=\"color: #008000;\"><strong><span style=\"color: #ff0000;\"><a style=\"color: #ff0000;\" href=\"https:\/\/www.sekundomer.ee\/wp-content\/uploads\/2024\/07\/eesti-sportlaste-ajakava.pdf\">SIIN <\/a><\/span><\/strong>on Eesti sportlaste ajakava<\/span><\/h4>\n<p><strong>TULEMUSED:<\/strong><\/p>\n<table>\n<tbody>\n<tr>\n<td width=\"227\"><strong>\u00a0<\/strong><\/td>\n<td width=\"122\"><strong>\u00a0<\/strong><\/td>\n<td width=\"102\"><strong>\u00a0<\/strong><\/td>\n<td width=\"105\"><strong>\u00a0<\/strong><\/td>\n<td width=\"48\"><strong>\u00a0<\/strong><\/td>\n<\/tr>\n<tr>\n<td width=\"227\"><strong>Karel Tilga\u00a0\u00a0\u00a0\u00a0\u00a0\u00a0\u00a0\u00a0\u00a0\u00a0\u00a0\u00a0\u00a0\u00a0\u00a0\u00a0\u00a0\u00a0\u00a0\u00a0 <\/strong><\/td>\n<td width=\"122\">kergej\u00f5ustik<\/td>\n<td width=\"102\"><strong>\u00a0<\/strong><\/td>\n<td width=\"105\"><strong> 11.koht (8377 SB)<\/strong><\/td>\n<td width=\"48\"><strong>\u00a0<\/strong><\/td>\n<\/tr>\n<tr>\n<td width=\"227\"><strong>Janek<\/strong> <strong>\u00d5iglane<\/strong><\/td>\n<td width=\"122\">kergej\u00f5ustik<\/td>\n<td width=\"102\"><strong>\u00a0<\/strong><\/td>\n<td width=\"105\"><strong> 5.koht (8572 PB)<\/strong><\/td>\n<td width=\"48\"><strong>\u00a0<\/strong><\/td>\n<\/tr>\n<tr>\n<td width=\"227\"><strong>Rasmus M\u00e4gi<\/strong><\/td>\n<td width=\"122\">kergej\u00f5ustik<\/td>\n<td width=\"102\"><strong>\u00a0<\/strong><\/td>\n<td width=\"105\"><strong>\u00a07. koht<\/strong><\/td>\n<td width=\"48\"><strong>\u00a0<\/strong><\/td>\n<\/tr>\n<tr>\n<td width=\"227\"><strong>Elisabeth Pihela<\/strong><\/td>\n<td width=\"122\">kergej\u00f5ustik<\/td>\n<td width=\"102\"><strong>\u00a0<\/strong><\/td>\n<td width=\"105\"><strong> 26.koht (1.83)<\/strong><\/td>\n<td width=\"48\"><strong>\u00a0<\/strong><\/td>\n<\/tr>\n<tr>\n<td width=\"227\"><strong>Johannes Erm<\/strong><\/td>\n<td width=\"122\">kergej\u00f5ustik<\/td>\n<td width=\"102\"><strong>\u00a0<\/strong><\/td>\n<td width=\"105\"><strong> 6.koht (8569)<\/strong><\/td>\n<td width=\"48\"><strong>\u00a0<\/strong><\/td>\n<\/tr>\n<tr>\n<td width=\"227\"><strong>\u00a0<\/strong><\/td>\n<td width=\"122\"><strong>\u00a0<\/strong><\/td>\n<td width=\"102\"><strong>\u00a0<\/strong><\/td>\n<td width=\"105\"><strong>\u00a0<\/strong><\/td>\n<td width=\"48\"><strong>\u00a0<\/strong><\/td>\n<\/tr>\n<tr>\n<td width=\"227\"><strong>Peeter Olesk<\/strong><\/td>\n<td width=\"122\">laskmine<\/td>\n<td width=\"102\"><strong>\u00a0<\/strong><\/td>\n<td width=\"105\"><strong> 11.koht<\/strong><\/td>\n<td width=\"48\"><strong>\u00a0<\/strong><\/td>\n<\/tr>\n<tr>\n<td width=\"227\"><strong>Peeter Jurisson\u00a0\u00a0\u00a0 <\/strong><\/td>\n<td width=\"122\">laskmine<\/td>\n<td width=\"102\"><strong>\u00a0<\/strong><\/td>\n<td width=\"105\"><strong> 28.koht<\/strong><\/td>\n<td width=\"48\"><strong>\u00a0<\/strong><\/td>\n<\/tr>\n<tr>\n<td width=\"227\"><strong>\u00a0<\/strong><\/td>\n<td width=\"122\"><strong>\u00a0<\/strong><\/td>\n<td width=\"102\"><strong>\u00a0<\/strong><\/td>\n<td width=\"105\"><strong>\u00a0<\/strong><\/td>\n<td width=\"48\"><strong>\u00a0<\/strong><\/td>\n<\/tr>\n<tr>\n<td width=\"227\"><strong>Eneli Efimova<\/strong><\/td>\n<td width=\"122\">ujumine<\/td>\n<td width=\"102\">100 m rinnuliujumises <strong>&#8211; 7. koht (1:06,50)<\/strong><\/td>\n<td width=\"105\">200 m rinnuliujumises &#8211; <strong>23. koht (2:30,68)<\/strong><\/td>\n<td width=\"48\"><strong>\u00a0<\/strong><\/td>\n<\/tr>\n<tr>\n<td width=\"227\"><strong>Kregor Zirk<\/strong><\/td>\n<td width=\"122\">ujumine<\/td>\n<td width=\"102\">400 \u043c vabalt &#8211; <strong>22. koht (3:49,59)<\/strong><\/td>\n<td width=\"105\">200 meetrit liblikat &#8211; <strong>7.koht (1:54,55)<\/strong><\/td>\n<td width=\"48\"><strong>\u00a0<\/strong><\/td>\n<\/tr>\n<tr>\n<td width=\"227\"><strong>\u00a0<\/strong><\/td>\n<td width=\"122\"><strong>\u00a0<\/strong><\/td>\n<td width=\"102\"><strong>\u00a0<\/strong><\/td>\n<td width=\"105\"><strong>\u00a0<\/strong><\/td>\n<td width=\"48\"><strong>\u00a0<\/strong><\/td>\n<\/tr>\n<tr>\n<td width=\"227\"><strong>Nelli Differt<\/strong><\/td>\n<td width=\"122\">vehklimine<\/td>\n<td width=\"102\"><strong>\u00a0<\/strong><\/td>\n<td width=\"105\"><strong> 4.koht<\/strong><\/td>\n<td width=\"48\"><strong>\u00a0<\/strong><\/td>\n<\/tr>\n<tr>\n<td width=\"227\"><strong>\u00a0<\/strong><\/td>\n<td width=\"122\"><strong>\u00a0<\/strong><\/td>\n<td width=\"102\"><strong>\u00a0<\/strong><\/td>\n<td width=\"105\"><strong>\u00a0<\/strong><\/td>\n<td width=\"48\"><strong>\u00a0<\/strong><\/td>\n<\/tr>\n<tr>\n<td width=\"227\"><strong>Ingrid Puusta<\/strong><\/td>\n<td width=\"122\">purjetamine<\/td>\n<td width=\"102\"><strong>\u00a0<\/strong><\/td>\n<td width=\"105\"><strong> 17.koht<\/strong><\/td>\n<td width=\"48\"><strong>\u00a0<\/strong><\/td>\n<\/tr>\n<tr>\n<td width=\"227\"><strong>Karl-Martin Rammo<\/strong><\/td>\n<td width=\"122\">purjetamine<\/td>\n<td width=\"102\"><strong>\u00a0<\/strong><\/td>\n<td width=\"105\"><strong> 31.koht<\/strong><\/td>\n<td width=\"48\"><strong>\u00a0<\/strong><\/td>\n<\/tr>\n<tr>\n<td width=\"227\"><strong>\u00a0<\/strong><\/td>\n<td width=\"122\"><strong>\u00a0<\/strong><\/td>\n<td width=\"102\"><strong>\u00a0<\/strong><\/td>\n<td width=\"105\"><strong>\u00a0<\/strong><\/td>\n<td width=\"48\"><strong>\u00a0<\/strong><\/td>\n<\/tr>\n<tr>\n<td width=\"227\"><strong>Reena P\u00e4rnat<\/strong><\/td>\n<td width=\"122\">vibulaskmine<\/td>\n<td width=\"102\">kvalifikatsioon<br \/>\n<strong>42.<\/strong>koht\/646<\/td>\n<td width=\"105\"><strong>Kaotati 1\/32 finaalis<\/strong><\/td>\n<td width=\"48\"><strong>\u00a0<\/strong><\/td>\n<\/tr>\n<tr>\n<td width=\"227\"><strong>\u00a0<\/strong><\/td>\n<td width=\"122\"><strong>\u00a0<\/strong><\/td>\n<td width=\"102\"><strong>\u00a0<\/strong><\/td>\n<td width=\"105\"><strong>\u00a0<\/strong><\/td>\n<td width=\"48\"><strong>\u00a0<\/strong><\/td>\n<\/tr>\n<tr>\n<td width=\"227\"><strong>Klen Kristofer Kaljulaid<\/strong><\/td>\n<td width=\"122\">judo<\/td>\n<td width=\"102\"><\/td>\n<td width=\"105\"><strong>Kaotati 1\/16-finaalis<\/strong><\/td>\n<td width=\"48\"><strong>\u00a0<\/strong><\/td>\n<\/tr>\n<tr>\n<td width=\"227\"><strong>Janika L\u00f5iv<\/strong><\/td>\n<td width=\"122\">jalgrattas\u00f5it<\/td>\n<td width=\"102\"><\/td>\n<td width=\"105\"><strong> cross-country 19.koht (+ 9:03)<\/strong><\/td>\n<td width=\"48\"><strong>\u00a0<\/strong><\/td>\n<\/tr>\n<tr>\n<td width=\"227\"><strong>\u00a0<\/strong><\/td>\n<td width=\"122\"><strong>\u00a0<\/strong><\/td>\n<td width=\"102\"><strong>\u00a0<\/strong><\/td>\n<td width=\"105\"><strong>\u00a0<\/strong><\/td>\n<td width=\"48\"><strong>\u00a0<\/strong><\/td>\n<\/tr>\n<tr>\n<td width=\"227\"><strong>Madis Mihkels<\/strong><\/td>\n<td width=\"122\">jalgrattas\u00f5it<\/td>\n<td width=\"102\"><\/td>\n<td width=\"105\"><strong> grupis\u00f5it 273 \u043a\u043c &#8211; 30.koht (+ 3:42)<\/strong><\/td>\n<td width=\"48\"><strong>\u00a0<\/strong><\/td>\n<\/tr>\n<tr>\n<td width=\"227\"><strong>\u00a0<\/strong><\/td>\n<td width=\"122\"><strong>\u00a0<\/strong><\/td>\n<td width=\"102\"><strong>\u00a0<\/strong><\/td>\n<td width=\"105\"><strong>\u00a0<\/strong><\/td>\n<td width=\"48\"><strong>\u00a0<\/strong><\/td>\n<\/tr>\n<tr>\n<td width=\"227\"><strong>Mart Seim<\/strong><\/td>\n<td width=\"122\">t\u00f5stmine<\/td>\n<td width=\"102\"><strong>\u00a0<\/strong><\/td>\n<td width=\"105\"><strong>\u00a09.koht<\/strong><\/td>\n<td width=\"48\"><strong>\u00a0<\/strong><\/td>\n<\/tr>\n<tr>\n<td width=\"227\"><strong>\u00a0<\/strong><\/td>\n<td width=\"122\"><strong>\u00a0<\/strong><\/td>\n<td width=\"102\"><strong>\u00a0<\/strong><\/td>\n<td width=\"105\"><strong>\u00a0<\/strong><\/td>\n<td width=\"48\"><strong>\u00a0<\/strong><\/td>\n<\/tr>\n<tr>\n<td width=\"227\"><strong>Kristin Kuuba<\/strong><\/td>\n<td width=\"122\">sulgpall<\/td>\n<td width=\"102\"><\/td>\n<td width=\"105\"><strong> alagrupist ei lahkunud<\/strong><\/td>\n<td width=\"48\"><strong>\u00a0<\/strong><\/td>\n<\/tr>\n<tr>\n<td width=\"227\"><strong>\u00a0<\/strong><\/td>\n<td width=\"122\"><strong>\u00a0<\/strong><\/td>\n<td width=\"102\"><strong>\u00a0<\/strong><\/td>\n<td width=\"105\"><strong>\u00a0<\/strong><\/td>\n<td width=\"48\"><strong>\u00a0<\/strong><\/td>\n<\/tr>\n<tr>\n<td width=\"227\"><strong>Mai Relander<\/strong><\/td>\n<td width=\"122\">ratsutamine<\/td>\n<td width=\"102\"><\/td>\n<td width=\"105\"><strong> ei l\u00e4binud kvalifikatsiooni<\/strong><\/td>\n<td width=\"48\"><strong>\u00a0<\/strong><\/td>\n<\/tr>\n<tr>\n<td width=\"227\"><strong>\u00a0<\/strong><\/td>\n<td width=\"122\"><\/td>\n<td width=\"102\"><strong>\u00a0<\/strong><\/td>\n<td width=\"105\"><strong>\u00a0<\/strong><\/td>\n<td width=\"48\"><strong>\u00a0<\/strong><\/td>\n<\/tr>\n<tr>\n<td width=\"227\"><strong>Heiki Nabi<\/strong><\/td>\n<td width=\"122\">Maadlus<\/td>\n<td width=\"102\"><\/td>\n<td width=\"105\"><strong> Kaotati 1\/8 finaalis<\/strong><\/td>\n<td width=\"48\"><strong>\u00a0<\/strong><\/td>\n<\/tr>\n<tr>\n<td width=\"227\"><strong>Allar Raja, T\u00f5nu Endrekson,<\/strong><br \/>\n<strong>Johann Poolak, Mikhail Kushteyn,<\/strong><br \/>\n<strong>Uku Siim Timmusk (varu)<\/strong><strong>\u00a0<\/strong><\/td>\n<td width=\"122\">s\u00f5udmine<\/td>\n<td width=\"102\">5:52,04 &#8211; 9. koht eels\u00f5idus<\/td>\n<td width=\"105\"><strong>finaal B &#8211;<\/strong><br \/>\n<strong>7. koht<\/strong><\/td>\n<td width=\"48\"><strong>\u00a0<\/strong><\/td>\n<\/tr>\n<\/tbody>\n<\/table>\n<p>&nbsp;<\/p>\n","protected":false},"excerpt":{"rendered":"<p>\u00a0 \u00a0 \u00a0 \u00a0 \u00a0 \u00a0 \u00a0 \u00a0 \u00a0 \u00a0 \u00a0 \u00a0 \u00a0 \u00a0 \u00a0 PARIIS 2024 &nbsp; 2024. aasta Pariisi ol\u00fcmpia- ja paraol\u00fcmpiam\u00e4ngud on suurim Prantsusmaal korraldatud s\u00fcndmus. Ol\u00fcmpiam\u00e4ngud toimuvad 26. juulist 11. augustini 2024. XXXIII ol\u00fcmpiaad 26. juulist 11. augustini 2024 19 v\u00f5istlusp\u00e4eva (k\u00e4sipall, jalgpall ja ragbi toimuvad alates 24. juulist) 329 s\u00fcndmust [&hellip;]<\/p>\n","protected":false},"author":80,"featured_media":0,"parent":0,"menu_order":0,"comment_status":"closed","ping_status":"closed","template":"","meta":{"_seopress_robots_primary_cat":"","_seopress_titles_title":"","_seopress_titles_desc":"","_seopress_robots_index":"","footnotes":""},"class_list":["post-159585","page","type-page","status-publish"],"_links":{"self":[{"href":"https:\/\/www.sekundomer.ee\/et\/wp-json\/wp\/v2\/pages\/159585","targetHints":{"allow":["GET"]}}],"collection":[{"href":"https:\/\/www.sekundomer.ee\/et\/wp-json\/wp\/v2\/pages"}],"about":[{"href":"https:\/\/www.sekundomer.ee\/et\/wp-json\/wp\/v2\/types\/page"}],"author":[{"embeddable":true,"href":"https:\/\/www.sekundomer.ee\/et\/wp-json\/wp\/v2\/users\/80"}],"replies":[{"embeddable":true,"href":"https:\/\/www.sekundomer.ee\/et\/wp-json\/wp\/v2\/comments?post=159585"}],"version-history":[{"count":0,"href":"https:\/\/www.sekundomer.ee\/et\/wp-json\/wp\/v2\/pages\/159585\/revisions"}],"wp:attachment":[{"href":"https:\/\/www.sekundomer.ee\/et\/wp-json\/wp\/v2\/media?parent=159585"}],"curies":[{"name":"wp","href":"https:\/\/api.w.org\/{rel}","templated":true}]}}