{"id":159603,"date":"2024-02-22T09:52:17","date_gmt":"2024-02-22T07:52:17","guid":{"rendered":"https:\/\/www.sekundomer.ee\/?page_id=159603"},"modified":"2024-02-22T09:52:17","modified_gmt":"2024-02-22T07:52:17","slug":"eesti-olumpiavoitjad","status":"publish","type":"page","link":"https:\/\/www.sekundomer.ee\/et\/eesti-olumpiavoitjad\/","title":{"rendered":"Eesti ol\u00fcmpiav\u00f5itjad"},"content":{"rendered":"<p>&nbsp;<\/p>\n<p><strong>Alfred Neuland<\/strong> \u2013 1920, Antwerpen, j\u00f5ut\u00f5stmine<\/p>\n<p><strong>Eduard P\u00fctsep<\/strong> \u2013 1924, Pariis, kreeka-rooma maadlus<\/p>\n<p><strong>Oswald K\u00e4pp<\/strong> \u2013 1928, Amsterdam, vabamaadlus<\/p>\n<p><strong>Woldemar V\u00e4li<\/strong> \u2013 1928, Amsterdam, kreeka-rooma maadlus<\/p>\n<p><strong>Kristjan Palusalu<\/strong> \u2013 1936, Berliin,<br \/>\nkaks kulda \u2013 kreeka-rooma ja vabamaadluses<\/p>\n<p><strong>Johannes Kotkas<\/strong> \u2013 1952, Helsingi, kreeka-rooma maadlus<\/p>\n<p><strong>Ants Antson<\/strong> \u2013 1964, Innsbruck, kiiruisutamine<\/p>\n<p><strong>Svetlana T\u0161irkova<\/strong> \u2013 1968, Mexico City, vehklemine<\/p>\n<p><strong>Jaan Talts<\/strong> \u2013 1972, M\u00fcnchen, j\u00f5ut\u00f5stmine<\/p>\n<p><strong>Juri Tarmark<\/strong> \u2013 1972, M\u00fcnchen, kergej\u00f5ustik<\/p>\n<p><strong>Aavo Pikkuus<\/strong> \u2013 1976, Montreal, jalgrattasport<\/p>\n<p><strong>Villar Loor<\/strong> \u2013 1980, Moskva, v\u00f5rkpall<\/p>\n<p><strong>Mait Riismann<\/strong> \u2013 1980, Moskva, veepall<\/p>\n<p><strong>Ivar Stukolkin<\/strong> \u2013 1980, ujumine<\/p>\n<p><strong>Jaak Uudm\u00e4e<\/strong> \u2013 1980, kergej\u00f5ustik<\/p>\n<p><strong>Erika Salum\u00e4e<\/strong> \u2013 1988, Soul, jalgrattasport<\/p>\n<p><strong>Tiit Sokk<\/strong> \u2013 1988, korvpall<\/p>\n<p><strong>Erika Salum\u00e4e<\/strong> \u2013 1992, Barcelona, \u200b\u200brattasport<\/p>\n<p><strong>Erki Nool<\/strong> \u2013 2000, Sydney, k\u00fcmnev\u00f5istlus<\/p>\n<p><strong>Andrus Veerpalu<\/strong> &#8211; 2002, Salk &#8211; Leith City, suusatamine<\/p>\n<p><strong>Andrus Veerpalu<\/strong> &#8211; 2006, Torino, suusatamine<\/p>\n<p><strong>Kristina \u0160migun<\/strong> \u2013 2006, Torino, suusatamine<\/p>\n<p><strong>Gerd Kanter<\/strong> \u2013 2008, Peking, kergej\u00f5ustik (kettaheide)<\/p>\n<p><strong>Katrina Lehis, Erika Kirpu, Julia Beljajeva, Irina Embrich<\/strong><br \/>\n(naiste vehklemiskoondis) &#8211; 2020, Tokyo.<\/p>\n","protected":false},"excerpt":{"rendered":"<p>&nbsp; Alfred Neuland \u2013 1920, Antwerpen, j\u00f5ut\u00f5stmine Eduard P\u00fctsep \u2013 1924, Pariis, kreeka-rooma maadlus Oswald K\u00e4pp \u2013 1928, Amsterdam, vabamaadlus Woldemar V\u00e4li \u2013 1928, Amsterdam, kreeka-rooma maadlus Kristjan Palusalu \u2013 1936, Berliin, kaks kulda \u2013 kreeka-rooma ja vabamaadluses Johannes Kotkas \u2013 1952, Helsingi, kreeka-rooma maadlus Ants Antson \u2013 1964, Innsbruck, kiiruisutamine Svetlana T\u0161irkova \u2013 1968, [&hellip;]<\/p>\n","protected":false},"author":80,"featured_media":0,"parent":0,"menu_order":0,"comment_status":"closed","ping_status":"closed","template":"","meta":{"_seopress_robots_primary_cat":"","_seopress_titles_title":"","_seopress_titles_desc":"","_seopress_robots_index":"","footnotes":""},"class_list":["post-159603","page","type-page","status-publish"],"_links":{"self":[{"href":"https:\/\/www.sekundomer.ee\/et\/wp-json\/wp\/v2\/pages\/159603","targetHints":{"allow":["GET"]}}],"collection":[{"href":"https:\/\/www.sekundomer.ee\/et\/wp-json\/wp\/v2\/pages"}],"about":[{"href":"https:\/\/www.sekundomer.ee\/et\/wp-json\/wp\/v2\/types\/page"}],"author":[{"embeddable":true,"href":"https:\/\/www.sekundomer.ee\/et\/wp-json\/wp\/v2\/users\/80"}],"replies":[{"embeddable":true,"href":"https:\/\/www.sekundomer.ee\/et\/wp-json\/wp\/v2\/comments?post=159603"}],"version-history":[{"count":0,"href":"https:\/\/www.sekundomer.ee\/et\/wp-json\/wp\/v2\/pages\/159603\/revisions"}],"wp:attachment":[{"href":"https:\/\/www.sekundomer.ee\/et\/wp-json\/wp\/v2\/media?parent=159603"}],"curies":[{"name":"wp","href":"https:\/\/api.w.org\/{rel}","templated":true}]}}