{"id":170494,"date":"2025-02-06T07:53:02","date_gmt":"2025-02-06T05:53:02","guid":{"rendered":"https:\/\/www.sekundomer.ee\/?page_id=170494"},"modified":"2025-06-22T07:40:48","modified_gmt":"2025-06-22T04:40:48","slug":"2025-2","status":"publish","type":"page","link":"https:\/\/www.sekundomer.ee\/et\/protokoly\/2025-2\/","title":{"rendered":"2025"},"content":{"rendered":"<p>Euroopa meistriv\u00f5istlused iluuisutamises. Tallinn. 28.01-2.02.2025. <strong><span style=\"color: #008000;\"><a style=\"color: #008000;\" href=\"https:\/\/results.isu.org\/results\/season2425\/ec2025\/\">Tulemused<\/a><\/span><\/strong>.<br \/>\nEesti talvised mitmev\u00f5istluse MV. Kergej\u00f5ustik. 1.02-2.02.2025. <strong><span style=\"color: #008000;\"><a style=\"color: #008000;\" href=\"https:\/\/www.ekjl.ee\/wp-content\/uploads\/2025\/02\/tul_EestitalvinemitmevoistluseMV2025020102.pdf\">Protokoll<\/a><\/span><\/strong>.<br \/>\nJ\u00f5hvi kergej\u00f5ustiku\u00f5htu 2025\/Heino Lipu m\u00e4lestusv\u00f5istlused. 21.06. <strong><span style=\"color: #008000;\"><a style=\"color: #008000;\" href=\"https:\/\/www.sekundomer.ee\/wp-content\/uploads\/2025\/06\/utf-8johvi-kergejoustikuohtu-2025-koondprotokoll.pdf\">Protokoll<\/a><\/span><\/strong>.<\/p>\n","protected":false},"excerpt":{"rendered":"<p>Euroopa meistriv\u00f5istlused iluuisutamises. Tallinn. 28.01-2.02.2025. Tulemused. Eesti talvised mitmev\u00f5istluse MV. Kergej\u00f5ustik. 1.02-2.02.2025. Protokoll. J\u00f5hvi kergej\u00f5ustiku\u00f5htu 2025\/Heino Lipu m\u00e4lestusv\u00f5istlused. 21.06. Protokoll.<\/p>\n","protected":false},"author":80,"featured_media":0,"parent":88235,"menu_order":0,"comment_status":"closed","ping_status":"closed","template":"","meta":{"_seopress_robots_primary_cat":"","_seopress_titles_title":"","_seopress_titles_desc":"","_seopress_robots_index":"","footnotes":""},"class_list":["post-170494","page","type-page","status-publish"],"_links":{"self":[{"href":"https:\/\/www.sekundomer.ee\/et\/wp-json\/wp\/v2\/pages\/170494","targetHints":{"allow":["GET"]}}],"collection":[{"href":"https:\/\/www.sekundomer.ee\/et\/wp-json\/wp\/v2\/pages"}],"about":[{"href":"https:\/\/www.sekundomer.ee\/et\/wp-json\/wp\/v2\/types\/page"}],"author":[{"embeddable":true,"href":"https:\/\/www.sekundomer.ee\/et\/wp-json\/wp\/v2\/users\/80"}],"replies":[{"embeddable":true,"href":"https:\/\/www.sekundomer.ee\/et\/wp-json\/wp\/v2\/comments?post=170494"}],"version-history":[{"count":2,"href":"https:\/\/www.sekundomer.ee\/et\/wp-json\/wp\/v2\/pages\/170494\/revisions"}],"predecessor-version":[{"id":174430,"href":"https:\/\/www.sekundomer.ee\/et\/wp-json\/wp\/v2\/pages\/170494\/revisions\/174430"}],"up":[{"embeddable":true,"href":"https:\/\/www.sekundomer.ee\/et\/wp-json\/wp\/v2\/pages\/88235"}],"wp:attachment":[{"href":"https:\/\/www.sekundomer.ee\/et\/wp-json\/wp\/v2\/media?parent=170494"}],"curies":[{"name":"wp","href":"https:\/\/api.w.org\/{rel}","templated":true}]}}