{"id":88178,"date":"2020-01-13T13:01:28","date_gmt":"2020-01-13T11:01:28","guid":{"rendered":"https:\/\/www.sekundomer.ee\/2020-2\/"},"modified":"2020-12-27T08:50:53","modified_gmt":"2020-12-27T06:50:53","slug":"2020-2","status":"publish","type":"page","link":"https:\/\/www.sekundomer.ee\/et\/protokoly\/2020-2\/","title":{"rendered":"2020"},"content":{"rendered":"<p>&nbsp;<\/p>\n<p>Kohtla-J\u00e4rve kergej\u00f5ustiku lahtised meistriv\u00f5istlused. Ahtme. 10.01. <strong><a href=\"https:\/\/www.sekundomer.ee\/wp-content\/uploads\/2020\/01\/Kohtla-J%C3%A4rve-linna-lahtised-meistriv%C3%B5istlused-protokoll-10012020.xlsx\">Protokoll<\/a><\/strong>.<br \/>\nSuusav\u00f5istlus. Kivi\u00f5li m\u00e4gi. 10.03. <strong><a href=\"http:\/\/sportiv.ee\/protokoll\/10032020_Kivoli.xls\">Protokoll<\/a><\/strong>.<br \/>\nIda-Virumaa lahtised meistriv\u00f5istlused 10 km jooksus. Sillam\u00e4e. 6.06. <strong><a href=\"https:\/\/www.sekundomer.ee\/wp-content\/uploads\/2020\/06\/IV_-10000m.xls\">Protokoll<\/a><\/strong>.<br \/>\nI Ida-Virumaa Virtuaaljooks 30.05-7.06.2020. <strong><a href=\"https:\/\/www.sekundomer.ee\/wp-content\/uploads\/2020\/06\/Virtuaaljooks.xlsx\">Protokoll<\/a><\/strong>.<br \/>\nIda-Virumaa rullisari 2020, I etapp Pannj\u00e4rve. 16.06. <strong><a href=\"https:\/\/www.sekundomer.ee\/wp-content\/uploads\/2020\/06\/Rullisari-16062020-1.pdf\">Protokoll<\/a><\/strong>.<br \/>\nPannj\u00e4rve Singel \u2013 Vabajooks J\u00f5hvi. 17.06. <strong><a href=\"https:\/\/www.sekundomer.ee\/wp-content\/uploads\/2020\/06\/TULEMUSED-VG-MAASTIKURATTA-\u00d5HTUS\u00d5IDUD-2020-I.pdf\">PROTOKOLL<\/a><\/strong>.<br \/>\nMaido Keskk\u00fcla 1. m\u00e4lestusjooks. <strong><a href=\"http:\/\/sportiv.ee\/protokoll\/MaidoKeskkyla24062020.pdf\">PROTOKOLL<\/a><\/strong>.<br \/>\nPannj\u00e4rve jooksusarja. 1. etapp. 29.06. <strong><a href=\"http:\/\/sportiv.ee\/protokoll\/Pannj%C3%A4rve+jooksusari+2020,+1.etapp.xlsx\">PROTOKOLL<\/a><\/strong>.<br \/>\nII Kahe Silla jooks 2020. Toila vald. 5.07. <strong><a href=\"https:\/\/www.sekundomer.ee\/wp-content\/uploads\/2020\/07\/PROTOKOLL-II-Kahe-silla-jooks-5.-07.2020-1.xlsx\">PROTOKOLL<\/a><\/strong>.<br \/>\nIda-Virumaa rullisari 2020, II etapp. Narva. 7.07. <strong><a href=\"https:\/\/www.sekundomer.ee\/wp-content\/uploads\/2020\/07\/Rullisari2020-Narva7072020.pdf\">PROTOKOLL<\/a><\/strong>.<br \/>\n7. Irina Vassiljeva nimeline Toila kergej\u00f5ustikuklubi jooks. <strong><a href=\"https:\/\/www.sekundomer.ee\/wp-content\/uploads\/2020\/07\/IVassiljeeva_12072020.pdf\">PROTOKOLL<\/a><br \/>\n<\/strong>Noorte heitjate seeriav\u00f5istlus 1. etapp. J\u00f5hvi vald. 16.07. <strong><a href=\"https:\/\/www.sekundomer.ee\/wp-content\/uploads\/2020\/07\/Kohtla-J\u00e4rveKJKAtleetikanoorteheitjateseeriav\u00f5istlusteIetapp-protokoll.xlsx\">PROTOKOLL<\/a><br \/>\n<\/strong>4. Kahe m\u00f5isa jooks. M\u00e4etaguse. 18.07.<strong><a href=\"https:\/\/www.sekundomer.ee\/wp-content\/uploads\/2020\/07\/kahe-moisa-jooks2020.pdf\"> PROTOKOLL<\/a>.<br \/>\n<\/strong>Ida-Virumaa Ratta\u00f5htud. 3. etapp. Pannj\u00e4rve. 22.07. <strong><a href=\"https:\/\/www.sekundomer.ee\/wp-content\/uploads\/2020\/07\/TULEMUSED-MAASTIKURATTA-%C3%95HTUS%C3%95IDUD-2020-III.pdf\">PROTOKOLL<\/a>.<br \/>\n<\/strong>R\u00e4\u00e4bisejooks. Alaj\u00f5e. 1.08.2020. <strong><a href=\"https:\/\/www.sekundomer.ee\/wp-content\/uploads\/2020\/08\/Raabisejooks1082020.pdf\">PROTOKOLL<\/a>.<br \/>\n<\/strong>J\u00f5hvi karikav\u00f5istlused kergej\u00f5ustikus. 2.08. <strong><a href=\"https:\/\/www.sekundomer.ee\/wp-content\/uploads\/2020\/08\/J\u00f5hviCUPkjkarikav\u00f5istlusedprotokoll02082020.xlsx\">PROTOKOLL<\/a><\/strong><strong>.<br \/>\n<\/strong>5. Kiikla karujooks. 15.08. <strong><a href=\"https:\/\/www.sekundomer.ee\/wp-content\/uploads\/2020\/08\/VKiiklakarujooks.pdf\">PROTOKOLL<\/a>.<br \/>\n<\/strong>Noorte heitjate seeriav\u00f5istluste II etapp. J\u00f5hvi vald. 16.08. <strong><a href=\"https:\/\/www.sekundomer.ee\/wp-content\/uploads\/2020\/08\/Kohtla-JarveKJKAtleetikanoorteheitjateseeriavoistlusteIIetapp-protokoll.xlsx\">PROTOKOLL<\/a><\/strong>.<br \/>\nRullisari 2020. Ida-Virumaa MV. Pannj\u00e4rve. 18.08. <a href=\"https:\/\/www.sekundomer.ee\/wp-content\/uploads\/2020\/08\/Rullisari_Pannjarve18082020.pdf\"><strong>PROTOKOLL<\/strong><\/a>.<br \/>\nIda-Virumaa lahtised kergej\u00f5ustiku v\u00f5istlused. J\u00f5hvi vald. 25.08. <strong><a href=\"https:\/\/www.sekundomer.ee\/wp-content\/uploads\/2020\/08\/ida-Virumaalahtisedkjvoistlusedprotokoll25082020.xlsx\">PROTOKOLL<\/a><\/strong>.<br \/>\nKohtla-J\u00e4rve lahtised kergej\u00f5ustiku v\u00f5istlused. J\u00f5hvi vald. 29.08. <strong><a href=\"https:\/\/www.sekundomer.ee\/wp-content\/uploads\/2020\/08\/tul_K-JarveMV20200829.pdf\">PROTOKOLL<\/a><\/strong>.<br \/>\nHooajal\u00f5pu teatev\u00f5istlus 2020. Pannj\u00e4rve. 30.08. <strong><a href=\"https:\/\/www.sekundomer.ee\/wp-content\/uploads\/2020\/08\/Hooajalopu-teatevoistlus-2020.pdf\">PROTOKOLL<\/a><\/strong>.<br \/>\nToila rahvajooks. Voka. 4.09. <a href=\"https:\/\/www.sekundomer.ee\/wp-content\/uploads\/2020\/09\/ToilaRahvajooks04092020-1.xls\"><strong>PROTOKOLL<\/strong><\/a>.<br \/>\nVI Alutaguse rattamaraton. Pannj\u00e4rve. 12.09. <strong><a href=\"https:\/\/www.rattamaratonid.ee\/et\/etapid?competition_id=42&amp;action=results&amp;distance_id=136\">PROTOKOLL<\/a><\/strong>.<br \/>\nJ\u00f5hvi SK lahtised noorte kergej\u00f5usikuv\u00f5istlused mitmev\u00f5istluses. 12.09. <strong><a href=\"https:\/\/www.sekundomer.ee\/wp-content\/uploads\/2020\/09\/SK-lahtiste-kj-voistluste-protokoll-12092020.xlsx\">PROTOKOLL<\/a><\/strong>.<br \/>\nIda-Virumaa noorte kergej\u00f5ustiku meistriv\u00f5istlused. 13.09.<strong><a href=\"http:\/\/sportiv.ee\/protokoll\/Ida-Virumaa%20noorte%20kj%20mv%20%20protokoll%2013092020.xlsx\"> PROTOKOLL<\/a><\/strong>.<br \/>\nIisaku rahvajooks 2020. Iisaku. 26.09. <strong><a href=\"https:\/\/www.sekundomer.ee\/wp-content\/uploads\/2020\/09\/Iisaku-rahvajooks2020.pdf\">PROTOKOLL<\/a><\/strong>.<br \/>\nS\u00fcgisjooks. Kivi\u00f5li. 2.10. <strong><a href=\"https:\/\/www.sekundomer.ee\/wp-content\/uploads\/2020\/10\/SUGISJOOKSprotokoll-2.xlsx\">PROTOKOLL<\/a><\/strong>.<br \/>\nH\u00fcdroelektrijaama jooks. 4.10. <strong><a href=\"https:\/\/www.sekundomer.ee\/wp-content\/uploads\/2020\/10\/hydoelektrijaamajooks-4102020.pdf\">PROTOKOLL<\/a><\/strong>.<br \/>\n\u00dcmber \u00c4kkek\u00fcla jooks. Narva. 10.10.2020. <strong><a href=\"https:\/\/www.sekundomer.ee\/wp-content\/uploads\/2020\/10\/Umber-Akkekula-jooks-VG.pdf\">PROTOKOLL<\/a><\/strong>.<br \/>\nLiikudes l\u00e4bi Alutaguse 2020. <strong><a href=\"https:\/\/www.sekundomer.ee\/wp-content\/uploads\/2020\/10\/liikudeslabi-alutaguse2020-koond-4.xls\">PROTOKOLL<\/a><\/strong>.<br \/>\nKergej\u00f5ustik:\u00a0Ida-Virumaa lahtised karikav\u00f5istlused. Kohtla-J\u00e4rve. 24.10. <strong><a href=\"https:\/\/www.sekundomer.ee\/wp-content\/uploads\/2020\/10\/Ida-Virumaa-kj-kv-protokoll-24102020.xlsx\">PROTOKOLL<\/a><\/strong>.<br \/>\nLembit Olli m\u00e4lestusturniir kiirmales. Kohtla-J\u00e4rve. 24.10. <strong><a href=\"https:\/\/www.sekundomer.ee\/wp-content\/uploads\/2020\/10\/Protokoll.pdf\">PROTOKOLL<\/a><\/strong>.<br \/>\nJ\u00f5ulumaleturniir SK &#8220;Diagonaal&#8221; auhindadele. 26. detsember. <strong><a href=\"https:\/\/www.sekundomer.ee\/wp-content\/uploads\/2020\/12\/valkmale-ONLINE.docx\">PROTOKOLL<\/a><\/strong>.<\/p>\n","protected":false},"excerpt":{"rendered":"<p>&nbsp; Kohtla-J\u00e4rve kergej\u00f5ustiku lahtised meistriv\u00f5istlused. Ahtme. 10.01. Protokoll. Suusav\u00f5istlus. Kivi\u00f5li m\u00e4gi. 10.03. Protokoll. Ida-Virumaa lahtised meistriv\u00f5istlused 10 km jooksus. Sillam\u00e4e. 6.06. Protokoll. I Ida-Virumaa Virtuaaljooks 30.05-7.06.2020. Protokoll. Ida-Virumaa rullisari 2020, I etapp Pannj\u00e4rve. 16.06. Protokoll. Pannj\u00e4rve Singel \u2013 Vabajooks J\u00f5hvi. 17.06. PROTOKOLL. Maido Keskk\u00fcla 1. m\u00e4lestusjooks. PROTOKOLL. Pannj\u00e4rve jooksusarja. 1. etapp. 29.06. PROTOKOLL. II Kahe [&hellip;]<\/p>\n","protected":false},"author":80,"featured_media":0,"parent":88235,"menu_order":0,"comment_status":"closed","ping_status":"closed","template":"","meta":{"_seopress_robots_primary_cat":"","_seopress_titles_title":"","_seopress_titles_desc":"","_seopress_robots_index":"","footnotes":""},"class_list":["post-88178","page","type-page","status-publish"],"_links":{"self":[{"href":"https:\/\/www.sekundomer.ee\/et\/wp-json\/wp\/v2\/pages\/88178","targetHints":{"allow":["GET"]}}],"collection":[{"href":"https:\/\/www.sekundomer.ee\/et\/wp-json\/wp\/v2\/pages"}],"about":[{"href":"https:\/\/www.sekundomer.ee\/et\/wp-json\/wp\/v2\/types\/page"}],"author":[{"embeddable":true,"href":"https:\/\/www.sekundomer.ee\/et\/wp-json\/wp\/v2\/users\/80"}],"replies":[{"embeddable":true,"href":"https:\/\/www.sekundomer.ee\/et\/wp-json\/wp\/v2\/comments?post=88178"}],"version-history":[{"count":0,"href":"https:\/\/www.sekundomer.ee\/et\/wp-json\/wp\/v2\/pages\/88178\/revisions"}],"up":[{"embeddable":true,"href":"https:\/\/www.sekundomer.ee\/et\/wp-json\/wp\/v2\/pages\/88235"}],"wp:attachment":[{"href":"https:\/\/www.sekundomer.ee\/et\/wp-json\/wp\/v2\/media?parent=88178"}],"curies":[{"name":"wp","href":"https:\/\/api.w.org\/{rel}","templated":true}]}}