{"id":88181,"date":"2019-01-04T16:31:29","date_gmt":"2019-01-04T14:31:29","guid":{"rendered":"https:\/\/www.sekundomer.ee\/2019-2\/"},"modified":"2019-01-04T16:31:29","modified_gmt":"2019-01-04T14:31:29","slug":"2019-2","status":"publish","type":"page","link":"https:\/\/www.sekundomer.ee\/et\/protokoly\/2019-2\/","title":{"rendered":"2019"},"content":{"rendered":"<p>I \u044d\u0442\u0430\u043f \u043b\u044b\u0436\u043d\u044b\u0445 \u0431\u0443\u0434\u043d\u0438\u0447\u043d\u044b\u0445 \u0432\u0435\u0447\u0435\u0440\u043e\u0432 \u0418\u0434\u0430-\u0412\u0438\u0440\u0443\u043c\u0430\u0430. 3.01. \u041d\u0430\u0440\u0432\u0430. <strong><a href=\"https:\/\/www.sekundomer.ee\/wp-content\/uploads\/2019\/01\/Ida-Virumaa-argip%C3%A4eva-suusa%C3%B5htud-I-etapp-03.01.2019-TULEMUSED2-1.pdf\">\u041f\u0420\u041e\u0422\u041e\u041a\u041e\u041b<\/a><\/strong>.<br \/>\n\u041c\u0435\u043c\u043e\u0440\u0438\u0430\u043b \u0412\u0435\u043b\u043b\u043e \u041a\u0430\u0430\u0440\u0438\u0441\u0442\u043e \u043f\u043e \u043b\u044b\u0436\u043d\u044b\u043c \u0433\u043e\u043d\u043a\u0430\u043c. 6.01. \u041d\u0430\u0440\u0432\u0430. <strong><a href=\"https:\/\/www.sekundomer.ee\/wp-content\/uploads\/2019\/01\/Vello-Kaaristo-2019-TULEMUSED.pdf\">\u041f\u0420\u041e\u0422\u041e\u041a\u041e\u041b<\/a><\/strong>.<br \/>\n\u041e\u0442\u043a\u0440\u044b\u0442\u044b\u0439 \u0447\u0435\u043c\u043f\u0438\u043e\u043d\u0430\u0442 \u041a\u043e\u0445\u0442\u043b\u0430-\u042f\u0440\u0432\u0435 \u043f\u043e \u043b\u0435\u0433\u043a\u043e\u0439 \u0430\u0442\u043b\u0435\u0442\u0438\u043a\u0435. 5.01. <strong><a href=\"https:\/\/www.sekundomer.ee\/wp-content\/uploads\/2019\/01\/Kohtla-J\u00e4rve-linna-lahtised-meistriv\u00f5istlused-protokoll-5012019.xlsx\">\u041f\u0420\u041e\u0422\u041e\u041a\u041e\u041b<\/a><\/strong>.<br \/>\nII \u044d\u0442\u0430\u043f \u043b\u044b\u0436\u043d\u044b\u0445 \u0431\u0443\u0434\u043d\u0438\u0447\u043d\u044b\u0445 \u0432\u0435\u0447\u0435\u0440\u043e\u0432 \u0418\u0434\u0430-\u0412\u0438\u0440\u0443\u043c\u0430\u0430. 9.01. \u041f\u0430\u043d\u043d\u044a\u044f\u0440\u0432\u0435. <strong><a href=\"https:\/\/www.sekundomer.ee\/wp-content\/uploads\/2019\/01\/Alutaguse-Kommipommi-Suusasarja-I-etapp-TULEMUSED.pdf\">\u041f\u0420\u041e\u0422\u041e\u041a\u041e\u041b<\/a><\/strong>.<br \/>\n\u041e\u0442\u043a\u0440\u044b\u0442\u044b\u0439 \u0447\u0435\u043c\u043f\u0438\u043e\u043d\u0430\u0442 \u0418\u0434\u0430-\u0412\u0438\u0440\u0443\u043c\u0430\u0430 \u043f\u043e \u043b\u0435\u0433\u043a\u043e\u0439 \u0430\u0442\u043b\u0435\u0442\u0438\u043a\u0435. 12.01. \u0410\u0445\u0442\u043c\u0435. <strong><a href=\"https:\/\/www.sekundomer.ee\/wp-content\/uploads\/2019\/01\/Ida-Virumaasisekjmeistriv\u00f5istlusedprotokoll12012019.xlsx\">\u041f\u0420\u041e\u0422\u041e\u041a\u041e\u041b<\/a><\/strong>.<br \/>\nIII \u044d\u0442\u0430\u043f \u043b\u044b\u0436\u043d\u044b\u0445 \u0431\u0443\u0434\u043d\u0438\u0447\u043d\u044b\u0445 \u0432\u0435\u0447\u0435\u0440\u043e\u0432 \u0418\u0434\u0430-\u0412\u0438\u0440\u0443\u043c\u0430\u0430. 16.01. \u041c\u044f\u044d\u0442\u0430\u0433\u0443\u0437\u0435. <strong><a href=\"https:\/\/www.sekundomer.ee\/wp-content\/uploads\/2019\/01\/III-etapp-TULEMUSED.pdf\">\u041f\u0420\u041e\u0422\u041e\u041a\u041e\u041b<\/a><\/strong>.<br \/>\nIV \u044d\u0442\u0430\u043f \u043b\u044b\u0436\u043d\u044b\u0445 \u0431\u0443\u0434\u043d\u0438\u0447\u043d\u044b\u0445 \u0432\u0435\u0447\u0435\u0440\u043e\u0432 \u0418\u0434\u0430-\u0412\u0438\u0440\u0443\u043c\u0430\u0430. 30.01. \u041f\u0430\u043d\u043d\u044a\u044f\u0440\u0432\u0435.\u00a0<strong><a href=\"https:\/\/www.sekundomer.ee\/wp-content\/uploads\/2019\/01\/Alutaguse-Kommipommi-suusasarja-II-etapi-FINI\u0160-Sheet1-1.pdf\">\u041f\u0420\u041e\u0422\u041e\u041a\u041e\u041b<\/a><\/strong>.<br \/>\nV \u044d\u0442\u0430\u043f \u043b\u044b\u0436\u043d\u044b\u0445 \u0431\u0443\u0434\u043d\u0438\u0447\u043d\u044b\u0445 \u0432\u0435\u0447\u0435\u0440\u043e\u0432 \u0418\u0434\u0430-\u0412\u0438\u0440\u0443\u043c\u0430\u0430. 5.02. \u041d\u0430\u0440\u0432\u0430.\u00a0<strong><a href=\"https:\/\/www.sekundomer.ee\/wp-content\/uploads\/2019\/02\/Ida-Virumaa-argip\u00e4eva-suusa\u00f5htud-V-etapp-TULEMUSED.pdf\">\u041f\u0420\u041e\u0422\u041e\u041a\u041e\u041b<\/a><\/strong>.<br \/>\nVI \u044d\u0442\u0430\u043f \u043b\u044b\u0436\u043d\u044b\u0445 \u0431\u0443\u0434\u043d\u0438\u0447\u043d\u044b\u0445 \u0432\u0435\u0447\u0435\u0440\u043e\u0432 \u0418\u0434\u0430-\u0412\u0438\u0440\u0443\u043c\u0430\u0430. 13.02. \u041a\u0438\u0432\u0438\u044b\u043b\u0438.\u00a0<strong><a href=\"https:\/\/www.sekundomer.ee\/wp-content\/uploads\/2019\/02\/13022019_suusakross.xlsx\">\u041f\u0420\u041e\u0422\u041e\u041a\u041e\u041b<\/a><\/strong>.<br \/>\nVII \u044d\u0442\u0430\u043f \u043b\u044b\u0436\u043d\u044b\u0445 \u0431\u0443\u0434\u043d\u0438\u0447\u043d\u044b\u0445 \u0432\u0435\u0447\u0435\u0440\u043e\u0432 \u0418\u0434\u0430-\u0412\u0438\u0440\u0443\u043c\u0430\u0430 20.02. \u041f\u0430\u043d\u043d\u044a\u044f\u0440\u0432\u0435. <strong><a href=\"https:\/\/www.sekundomer.ee\/wp-content\/uploads\/2019\/02\/Alutaguse-Kommipommi-III-etapi-tulemused.xlsx\">\u041f\u0420\u041e\u0422\u041e\u041a\u041e\u041b<\/a><\/strong>.<br \/>\n21 \u0410\u043b\u0443\u0442\u0430\u0433\u0443\u0437\u0435\u0441\u043a\u0438\u0439 \u043b\u044b\u0436\u043d\u044b\u0439 \u043c\u0430\u0440\u0430\u0444\u043e\u043d. 22.02. \u041f\u0430\u043d\u043d\u044a\u044f\u0440\u0432\u0435. <strong><a href=\"https:\/\/www.estoloppet.ee\/et\/etapid?action=results&amp;competition_id=326&amp;distance_id=319\">\u041f\u0420\u041e\u0422\u041e\u041a\u041e\u041b<\/a><\/strong>.<br \/>\nVI \u041d\u0430\u0440\u0432\u0441\u043a\u0438\u0439 \u043b\u044b\u0436\u043d\u044b\u0439 \u0437\u0430\u0435\u0437\u0434. 24 \u0444\u0435\u0432\u0440\u0430\u043b\u044f 2019 \u0433\u043e\u0434\u0430. \u041d\u0430\u0440\u0432\u0430. <strong><a href=\"https:\/\/www.sekundomer.ee\/wp-content\/uploads\/2019\/02\/TULEMUSED-Narva-Suusas\u00f5it-2019.pdf\">\u041f\u0420\u041e\u0422\u041e\u041a\u041e\u041b<\/a><\/strong>.<br \/>\n\u041a\u0443\u0431\u043e\u043a \u0419\u044b\u0445\u0432\u0438 \u043f\u043e \u043b\u0435\u0433\u043a\u043e\u0439 \u0430\u0442\u043b\u0435\u0442\u0438\u043a\u0435. 2 \u043c\u0430\u0440\u0442\u0430 2019 \u0433\u043e\u0434\u0430. \u0410\u0445\u0442\u043c\u0435. <strong><a href=\"https:\/\/www.sekundomer.ee\/wp-content\/uploads\/2019\/03\/J\u00f5hviCUPsisekjkarikav\u00f5istlusedprotokoll2032019-1-1.xlsx\">\u041f\u0420\u041e\u0422\u041e\u041a\u041e\u041b<\/a><\/strong>.<br \/>\n\u0427\u0435\u043c\u043f\u0438\u043e\u043d\u0430\u0442 \u0433. \u041d\u0430\u0440\u0432\u0430 \u043f\u043e \u043b\u044b\u0436\u043d\u044b\u043c \u0433\u043e\u043d\u043a\u0430\u043c. 10 \u043c\u0430\u0440\u0442\u0430. \u041d\u0430\u0440\u0432\u0430. <strong><a href=\"https:\/\/www.sekundomer.ee\/wp-content\/uploads\/2019\/03\/10.03_VANUSE_GRUPPID.pdf\">\u041f\u0420\u041e\u0422\u041e\u041a\u041e\u041b<\/a><\/strong>.<br \/>\nVIII \u044d\u0442\u0430\u043f \u043b\u044b\u0436\u043d\u044b\u0445 \u0431\u0443\u0434\u043d\u0438\u0447\u043d\u044b\u0445 \u0432\u0435\u0447\u0435\u0440\u043e\u0432 \u0418\u0434\u0430-\u0412\u0438\u0440\u0443\u043c\u0430\u0430. 13.03. \u041d\u0430\u0440\u0432\u0430. <strong><a href=\"https:\/\/www.sekundomer.ee\/wp-content\/uploads\/2019\/03\/TULEMUSED-VIII-Etapp.pdf\">\u041f\u0420\u041e\u0422\u041e\u041a\u041e\u041b<\/a><\/strong>.<br \/>\nIV \u041a\u0443\u0431\u043e\u043a \u0412\u0435\u043b\u043b\u043e \u041b\u0438\u043b\u0438\u0443\u043c\u0430 \u043f\u043e \u043b\u044b\u0436\u043d\u044b\u043c \u0433\u043e\u043d\u043a\u0430\u043c (\u0447\u0435\u043c\u043f\u0438\u043e\u043d\u0430\u0442 \u0418\u0434\u0430-\u0412\u0438\u0440\u0443\u043c\u0430\u0430). <strong><a href=\"https:\/\/www.sekundomer.ee\/wp-content\/uploads\/2019\/03\/Vello-Liliumi-IV-KV-Ida-Viru-MV-tulemused.xlsx\">\u041f\u0420\u041e\u0422\u041e\u041a\u041e\u041b<\/a><\/strong>.<br \/>\n\u041a\u043e\u043c\u0430\u043d\u0434\u043d\u044b\u0439 \u041a\u0443\u0431\u043e\u043a \u0418\u0434\u0430-\u0412\u0438\u0440\u0443\u043c\u0430\u0430 \u043f\u043e \u043b\u0435\u0433\u043a\u043e\u0439 \u0430\u0442\u043b\u0435\u0442\u0438\u043a\u0435. 30.03. <strong><a href=\"https:\/\/www.sekundomer.ee\/wp-content\/uploads\/2019\/04\/Ida-Virumaa-kj-kv-protokoll-30032019-1.xlsx\">\u041f\u0420\u041e\u0422\u041e\u041a\u041e\u041b<\/a><\/strong>.<br \/>\n14-\u0439 \u0431\u0435\u0433 \u0433\u0435\u043d\u0435\u0440\u0430\u043b\u0430 \u0410. \u0422\u044b\u043d\u0438\u0441\u0441\u043e\u043d\u0430. 20.04. \u041f\u0430\u043d\u043d\u044a\u044f\u0440\u0432\u0435. <strong><a href=\"http:\/\/jooksukalender.ee\/2019\/action_get.php?voistlus=XV%20KINDRALI%20JOOKS\">\u041f\u0420\u041e\u0422\u041e\u041a\u041e\u041b<\/a><\/strong>.<br \/>\nI \u044d\u0442\u0430\u043f \u041f\u044e\u0441\u0441\u0438\u0441\u043a\u043e\u0433\u043e \u0441\u0435\u0440\u0438\u0439\u043d\u043e\u0433\u043e \u0431\u0435\u0433\u0430. \u0411\u0435\u0433 \u042e\u0440\u044c\u0435\u0432\u043e\u0439 \u043d\u043e\u0447\u0438. \u041f\u044e\u0441\u0441\u0438. 26.04. <strong><a href=\"https:\/\/www.sekundomer.ee\/wp-content\/uploads\/2019\/04\/Ietapp-J\u00fcri\u00f6\u00f6-jooks2019.xlsx\">\u041f\u0420\u041e\u0422\u041e\u041a\u041e\u041b<\/a><\/strong>.<br \/>\n\u041c\u0435\u043c\u043e\u0440\u0438\u0430\u043b \u041b\u0435\u043c\u0431\u0438\u0442\u0430 \u041e\u043b\u043b\u044f \u043f\u043e \u0448\u0430\u0445\u043c\u0430\u0442\u0430\u043c. 27.04. \u041a\u043e\u0445\u0442\u043b\u0430-\u042f\u0440\u0432\u0435. <strong><a href=\"https:\/\/www.sekundomer.ee\/wp-content\/uploads\/2019\/04\/Lembit-Olli-malestusturniir-A-27.04.2019-Kohtla-Jarve.html\">\u041f\u0420\u041e\u0422\u041e\u041a\u041e\u041b<\/a><\/strong>.<br \/>\n\u0428\u043a\u043e\u043b\u044c\u043d\u044b\u0435 \u0441\u043e\u0440\u0435\u0432\u043d\u043e\u0432\u0430\u043d\u0438\u044f \u043f\u043e \u043a\u0440\u043e\u0441\u0441\u0443 \u043d\u0430 \u043f\u0440\u0438\u0437\u044b \u041c\u0430\u0440\u0442\u0430 \u0412\u0438\u043b\u044c\u0442\u0430. 14.05. <strong><a href=\"https:\/\/www.sekundomer.ee\/wp-content\/uploads\/2019\/05\/Mart-VIlt-2019-jooksudega-3.xls\">\u041f\u0420\u041e\u0422\u041e\u041a\u041e\u041b<\/a><\/strong>.<br \/>\nXVII \u041a\u043e\u0445\u0442\u043b\u0430-\u042f\u0440\u0432\u0435 &#8211; \u0419\u044b\u0445\u0432\u0438 \u043f\u0440\u043e\u043c\u0435\u043d\u0430\u0434\u043d\u044b\u0439 \u0431\u0435\u0433. 18.05. <a href=\"https:\/\/www.sekundomer.ee\/wp-content\/uploads\/2019\/05\/Promenaadijooks_18052019.xls\"><strong>\u041f\u0420\u041e\u0422\u041e\u041a\u041e\u041b<\/strong><\/a>.<br \/>\n\u0428\u043a\u043e\u043b\u044c\u043d\u044b\u0435 \u0441\u043e\u0440\u0435\u0432\u043d\u043e\u0432\u0430\u043d\u0438\u044f \u043f\u043e \u043b\u0435\u0433\u043a\u043e\u0439 \u0430\u0442\u043b\u0435\u0442\u0438\u043a\u0435. 16.05. \u041a\u043e\u0445\u0442\u043b\u0430-\u042f\u0440\u0432\u0435. <strong><a href=\"https:\/\/www.sekundomer.ee\/wp-content\/uploads\/2019\/05\/K-J-Koolispordi-kergej\u00f5ustik-2019.xlsx\">\u041f\u0420\u041e\u0422\u041e\u041a\u041e\u041b<\/a><\/strong>.<br \/>\nIII \u0437\u0430\u0431\u0435\u0433 \u0432\u043e\u043a\u0440\u0443\u0433 \u0433\u043e\u0440\u044b \u0421\u0438\u043d\u0438\u0432\u043e\u043e\u0440\u0435 2019. \u0422\u043e\u0439\u043b\u0430\u0441\u043a\u0430\u044f \u0432\u043e\u043b\u043e\u0441\u0442\u044c. 25.05. <strong><a href=\"https:\/\/www.sekundomer.ee\/wp-content\/uploads\/2019\/05\/SINIVOORE_25052019.xls\">\u041f\u0420\u041e\u0422\u041e\u041a\u041e\u041b<\/a><\/strong>.<br \/>\nII \u044d\u0442\u0430\u043f \u041f\u044e\u0441\u0441\u0438\u0441\u043a\u043e\u0433\u043e \u0441\u0435\u0440\u0438\u0439\u043d\u043e\u0433\u043e \u0431\u0435\u0433\u0430. \u041a\u0438\u0432\u0438\u044b\u043b\u0438. 24.05. <strong><a href=\"https:\/\/www.sekundomer.ee\/wp-content\/uploads\/2019\/05\/II-ETAPP_loppprotokoll.xlsx\">\u041f\u0420\u041e\u0422\u041e\u041a\u041e\u041b<\/a><\/strong>.<br \/>\n\u0411\u0435\u0433 \u0432\u043e\u043a\u0440\u0443\u0433 \u043c\u043e\u043d\u0430\u0441\u0442\u044b\u0440\u044f \u041a\u0443\u0440\u0435\u043c\u044f\u044d. 2.06. <strong><a href=\"https:\/\/www.sekundomer.ee\/wp-content\/uploads\/2019\/06\/kuremae2062019.xls\">\u041f\u0420\u041e\u0422\u041e\u041a\u041e\u041b<\/a><\/strong>.<br \/>\n\u0427\u0435\u043c\u043f\u0438\u043e\u043d\u0430\u0442 \u0418\u0434\u0430-\u0412\u0438\u0440\u0443\u043c\u0430\u0430 \u043f\u043e \u043b\u0435\u0433\u043a\u043e\u0439 \u0430\u0442\u043b\u0435\u0442\u0438\u043a\u0435. \u041d\u0430\u0440\u0432\u0430. 18.06. <strong><a href=\"https:\/\/www.sekundomer.ee\/wp-content\/uploads\/2019\/06\/Ida-Virumaa-MV-protokoll-18062019.xlsx\">\u041f\u0420\u041e\u0422\u041e\u041a\u041e\u041b<\/a><\/strong>.<br \/>\nXXIII \u0431\u0435\u0433 \u0434\u0435\u0440\u0435\u0432\u043d\u0438 \u0421\u0430\u043a\u0430 \u043d\u0430 \u043a\u0443\u0431\u043e\u043a \u041c\u0430\u0439\u0434\u043e \u041a\u0435\u0441\u043a\u043a\u044e\u043b\u0430. 24.06. <strong><a href=\"https:\/\/www.sekundomer.ee\/wp-content\/uploads\/2019\/06\/Saka-jooks-24062019.xls\">\u041f\u0420\u041e\u0422\u041e\u041a\u041e\u041b<\/a><\/strong>.<br \/>\n\u0411\u0435\u0433 \u043c\u044b\u0437\u044b \u041c\u0430\u0439\u0434\u043b\u0430. \u041c\u0430\u0439\u0434\u043b\u0430. 28.06. <strong><a href=\"https:\/\/www.sekundomer.ee\/wp-content\/uploads\/2019\/06\/IIIetapploplik.xlsx\">\u041f\u0420\u041e\u0422\u041e\u041a\u041e\u041b<\/a><\/strong>.<br \/>\n\u0411\u0435\u0433 \u0420\u044f\u043f\u0443\u0448\u043a\u0438. \u0410\u043b\u0430\u0439\u044b\u044d. 3.08. <strong><a href=\"https:\/\/www.sekundomer.ee\/wp-content\/uploads\/2019\/08\/Raabisejooks3082019.xls\">\u041f\u0420\u041e\u0422\u041e\u041a\u041e\u041b<\/a><\/strong>.<br \/>\n4 \u044d\u0442\u0430\u043f \u041f\u044e\u0441\u0441\u0438\u0441\u043a\u043e\u0433\u043e \u0441\u0435\u0440\u0438\u0439\u043d\u043e\u0433\u043e \u0431\u0435\u0433\u0430. 16.08. \u0423\u043b\u044c\u044f\u0441\u0442\u0435. <strong><a href=\"https:\/\/www.sekundomer.ee\/wp-content\/uploads\/2019\/08\/IV-etapp.xlsx\">\u041f\u0420\u041e\u0422\u041e\u041a\u041e\u041b<\/a><\/strong>.<br \/>\n5 \u044d\u0442\u0430\u043f \u041f\u044e\u0441\u0441\u0438\u0441\u043a\u043e\u0433\u043e \u0441\u0435\u0440\u0438\u0439\u043d\u043e\u0433\u043e \u0431\u0435\u0433\u0430. 13.09. \u041b\u044e\u0433\u0430\u043d\u0443\u0437\u0435. <strong><a href=\"https:\/\/www.sekundomer.ee\/wp-content\/uploads\/2019\/09\/V-etapp-13.09.19-1.xlsx\">\u041f\u0420\u041e\u0422\u041e\u041a\u041e\u041b<\/a><\/strong>.<br \/>\n25-\u0439 \u043d\u0430\u0440\u043e\u0434\u043d\u044b\u0439 \u0431\u0435\u0433 \u0422\u043e\u0439\u043b\u0430\u0441\u043a\u043e\u0439 \u0432\u043e\u043b\u043e\u0441\u0442\u0438. 20.09. \u0422\u043e\u0439\u043b\u0430. <strong><a href=\"https:\/\/www.sekundomer.ee\/wp-content\/uploads\/2019\/09\/Toilarahvajooks_2019.xlsx\">\u041f\u0420\u041e\u0422\u041e\u041a\u041e\u041b<\/a><\/strong>.<br \/>\n7-\u0439 \u0418\u0439\u0437\u0430\u043a\u0443\u0441\u043a\u0438\u0439 \u043d\u0430\u0440\u043e\u0434\u043d\u044b\u0439 \u0431\u0435\u0433. 28.09. \u0418\u0439\u0437\u0430\u043a\u0443. <strong><a href=\"https:\/\/www.sekundomer.ee\/wp-content\/uploads\/2019\/09\/iisaku28092019.xls\">\u041f\u0420\u041e\u0422\u041e\u041a\u041e\u041b<\/a><\/strong>.<br \/>\n\u0427\u0435\u043c\u043f\u0438\u043e\u043d\u0430\u0442 \u0418\u0434\u0430-\u0412\u0438\u0440\u0443\u043c\u0430\u0430 \u043f\u043e \u0431\u0435\u0433\u043e\u0432\u043e\u043c\u0443 \u043a\u0440\u043e\u0441\u0441\u0443. \u041f\u0430\u043d\u043d\u044a\u044f\u0440\u0432\u0435. 1.10. <strong><a href=\"https:\/\/www.sekundomer.ee\/wp-content\/uploads\/2019\/10\/Ida-Virumaa-murdmaajooksu-MV-pr-1.10.2019.pdf\">\u041f\u0420\u041e\u0422\u041e\u041a\u041e\u041b<\/a><\/strong>.<br \/>\n6 \u044d\u0442\u0430\u043f \u041f\u044e\u0441\u0441\u0438\u0441\u043a\u043e\u0433\u043e \u0441\u0435\u0440\u0438\u0439\u043d\u043e\u0433\u043e \u0431\u0435\u0433\u0430. 4.10. \u041f\u044e\u0441\u0441\u0438. <strong><a href=\"https:\/\/www.sekundomer.ee\/wp-content\/uploads\/2019\/10\/VI-etapp.xlsx\">\u041f\u0420\u041e\u0422\u041e\u041a\u041e\u041b<\/a><\/strong>.<br \/>\n11-\u0439 \u041a\u043e\u0445\u0442\u043b\u0430-\u041d\u044b\u043c\u043c\u0435\u0441\u043a\u0438\u0439 \u043e\u0441\u0435\u043d\u043d\u0438\u0439 \u0431\u0435\u0433. 12.10. \u041a\u043e\u0445\u0442\u043b\u0430-\u041d\u044b\u043c\u043c\u0435. <strong><a href=\"https:\/\/www.sekundomer.ee\/wp-content\/uploads\/2019\/10\/K-N-S\u00fcgisjooks-2019.xlsx\">\u041f\u0420\u041e\u0422\u041e\u041a\u041e\u041b<\/a><\/strong>.<br \/>\n\u041c\u043e\u043b\u043e\u0434\u0435\u0436\u043d\u044b\u0439 \u0447\u0435\u043c\u043f\u0438\u043e\u043d\u0430\u0442 \u0418\u0434\u0430-\u0412\u0438\u0440\u0443\u043c\u0430\u0430 \u043f\u043e \u043b\u0435\u0433\u043a\u043e\u0439 \u0430\u0442\u043b\u0435\u0442\u0438\u043a\u0435. \u0410\u0445\u0442\u043c\u0435. 15.11. <strong><a href=\"https:\/\/www.sekundomer.ee\/wp-content\/uploads\/2019\/11\/Ida-Virumaasisekjv\u00f5istlusedprotokoll15112019U10U12.xlsx\">\u041f\u0420\u041e\u0422\u041e\u041a\u041e\u041b<\/a><\/strong>.<br \/>\n\u0427\u0435\u043c\u043f\u0438\u043e\u043d\u0430\u0442 \u041a\u043e\u0445\u0442\u043b\u0430-\u042f\u0440\u0432\u0435 \u043f\u043e \u043b\u0435\u0433\u043a\u043e\u0439 \u0430\u0442\u043b\u0435\u0442\u0438\u043a\u0435. 23.11. \u0410\u0445\u0442\u043c\u0435. <strong><a href=\"https:\/\/www.sekundomer.ee\/wp-content\/uploads\/2019\/11\/Protokoll-23.11.2019.docx\">\u041f\u0420\u041e\u0422\u041e\u041a\u041e\u041b<\/a><\/strong>.<\/p>\n","protected":false},"excerpt":{"rendered":"<p>I \u044d\u0442\u0430\u043f \u043b\u044b\u0436\u043d\u044b\u0445 \u0431\u0443\u0434\u043d\u0438\u0447\u043d\u044b\u0445 \u0432\u0435\u0447\u0435\u0440\u043e\u0432 \u0418\u0434\u0430-\u0412\u0438\u0440\u0443\u043c\u0430\u0430. 3.01. \u041d\u0430\u0440\u0432\u0430. \u041f\u0420\u041e\u0422\u041e\u041a\u041e\u041b. \u041c\u0435\u043c\u043e\u0440\u0438\u0430\u043b \u0412\u0435\u043b\u043b\u043e \u041a\u0430\u0430\u0440\u0438\u0441\u0442\u043e \u043f\u043e \u043b\u044b\u0436\u043d\u044b\u043c \u0433\u043e\u043d\u043a\u0430\u043c. 6.01. \u041d\u0430\u0440\u0432\u0430. \u041f\u0420\u041e\u0422\u041e\u041a\u041e\u041b. \u041e\u0442\u043a\u0440\u044b\u0442\u044b\u0439 \u0447\u0435\u043c\u043f\u0438\u043e\u043d\u0430\u0442 \u041a\u043e\u0445\u0442\u043b\u0430-\u042f\u0440\u0432\u0435 \u043f\u043e \u043b\u0435\u0433\u043a\u043e\u0439 \u0430\u0442\u043b\u0435\u0442\u0438\u043a\u0435. 5.01. \u041f\u0420\u041e\u0422\u041e\u041a\u041e\u041b. II \u044d\u0442\u0430\u043f \u043b\u044b\u0436\u043d\u044b\u0445 \u0431\u0443\u0434\u043d\u0438\u0447\u043d\u044b\u0445 \u0432\u0435\u0447\u0435\u0440\u043e\u0432 \u0418\u0434\u0430-\u0412\u0438\u0440\u0443\u043c\u0430\u0430. 9.01. \u041f\u0430\u043d\u043d\u044a\u044f\u0440\u0432\u0435. \u041f\u0420\u041e\u0422\u041e\u041a\u041e\u041b. \u041e\u0442\u043a\u0440\u044b\u0442\u044b\u0439 \u0447\u0435\u043c\u043f\u0438\u043e\u043d\u0430\u0442 \u0418\u0434\u0430-\u0412\u0438\u0440\u0443\u043c\u0430\u0430 \u043f\u043e \u043b\u0435\u0433\u043a\u043e\u0439 \u0430\u0442\u043b\u0435\u0442\u0438\u043a\u0435. 12.01. \u0410\u0445\u0442\u043c\u0435. \u041f\u0420\u041e\u0422\u041e\u041a\u041e\u041b. III \u044d\u0442\u0430\u043f \u043b\u044b\u0436\u043d\u044b\u0445 \u0431\u0443\u0434\u043d\u0438\u0447\u043d\u044b\u0445 \u0432\u0435\u0447\u0435\u0440\u043e\u0432 \u0418\u0434\u0430-\u0412\u0438\u0440\u0443\u043c\u0430\u0430. 16.01. \u041c\u044f\u044d\u0442\u0430\u0433\u0443\u0437\u0435. \u041f\u0420\u041e\u0422\u041e\u041a\u041e\u041b. IV \u044d\u0442\u0430\u043f [&hellip;]<\/p>\n","protected":false},"author":80,"featured_media":0,"parent":88235,"menu_order":0,"comment_status":"closed","ping_status":"closed","template":"","meta":{"_seopress_robots_primary_cat":"","_seopress_titles_title":"","_seopress_titles_desc":"","_seopress_robots_index":"","footnotes":""},"class_list":["post-88181","page","type-page","status-publish"],"_links":{"self":[{"href":"https:\/\/www.sekundomer.ee\/et\/wp-json\/wp\/v2\/pages\/88181","targetHints":{"allow":["GET"]}}],"collection":[{"href":"https:\/\/www.sekundomer.ee\/et\/wp-json\/wp\/v2\/pages"}],"about":[{"href":"https:\/\/www.sekundomer.ee\/et\/wp-json\/wp\/v2\/types\/page"}],"author":[{"embeddable":true,"href":"https:\/\/www.sekundomer.ee\/et\/wp-json\/wp\/v2\/users\/80"}],"replies":[{"embeddable":true,"href":"https:\/\/www.sekundomer.ee\/et\/wp-json\/wp\/v2\/comments?post=88181"}],"version-history":[{"count":0,"href":"https:\/\/www.sekundomer.ee\/et\/wp-json\/wp\/v2\/pages\/88181\/revisions"}],"up":[{"embeddable":true,"href":"https:\/\/www.sekundomer.ee\/et\/wp-json\/wp\/v2\/pages\/88235"}],"wp:attachment":[{"href":"https:\/\/www.sekundomer.ee\/et\/wp-json\/wp\/v2\/media?parent=88181"}],"curies":[{"name":"wp","href":"https:\/\/api.w.org\/{rel}","templated":true}]}}