{"id":88235,"date":"2012-11-04T19:52:12","date_gmt":"2012-11-04T17:52:12","guid":{"rendered":"https:\/\/www.sekundomer.ee\/protokoly\/"},"modified":"2026-01-05T09:04:13","modified_gmt":"2026-01-05T07:04:13","slug":"protokoly","status":"publish","type":"page","link":"https:\/\/www.sekundomer.ee\/et\/protokoly\/","title":{"rendered":"Protokollid"},"content":{"rendered":"<p><span style=\"color: #ff00ff;\"><span style=\"background-color: #ffffff; color: #000000;\">Saatke v\u00f5istlusprotokollid portaali aadressile:<\/span><a style=\"color: #ff00ff;\" href=\"mailto:info@sekundomer.ee\"> info@sekundomer.ee<\/a><\/p>\n<p><span style=\"color: #222222;\">J\u00e4\u00e4hokim\u00e4ng meeskondade Vipers ja V\u00e4lk 494 vahel. 3.01. <\/span><span style=\"color: #008000;\"><strong><a style=\"color: #008000;\" href=\"https:\/\/ehs.eestihoki.ee\/statistika\/maengu-aruanne\/?gameId=5993222f-f804-49ca-a504-9c89193f984b&amp;divisionId=18975\">Protokoll<\/a><\/strong><\/span><span style=\"color: #222222;\">.<\/span><br \/>\n<\/span><\/p>\n","protected":false},"excerpt":{"rendered":"<p>Saatke v\u00f5istlusprotokollid portaali aadressile: info@sekundomer.ee J\u00e4\u00e4hokim\u00e4ng meeskondade Vipers ja V\u00e4lk 494 vahel. 3.01. Protokoll.<\/p>\n","protected":false},"author":80,"featured_media":88206,"parent":0,"menu_order":6,"comment_status":"open","ping_status":"open","template":"","meta":{"_seopress_robots_primary_cat":"","_seopress_titles_title":"","_seopress_titles_desc":"","_seopress_robots_index":"","footnotes":""},"class_list":["post-88235","page","type-page","status-publish","has-post-thumbnail"],"_links":{"self":[{"href":"https:\/\/www.sekundomer.ee\/et\/wp-json\/wp\/v2\/pages\/88235","targetHints":{"allow":["GET"]}}],"collection":[{"href":"https:\/\/www.sekundomer.ee\/et\/wp-json\/wp\/v2\/pages"}],"about":[{"href":"https:\/\/www.sekundomer.ee\/et\/wp-json\/wp\/v2\/types\/page"}],"author":[{"embeddable":true,"href":"https:\/\/www.sekundomer.ee\/et\/wp-json\/wp\/v2\/users\/80"}],"replies":[{"embeddable":true,"href":"https:\/\/www.sekundomer.ee\/et\/wp-json\/wp\/v2\/comments?post=88235"}],"version-history":[{"count":1,"href":"https:\/\/www.sekundomer.ee\/et\/wp-json\/wp\/v2\/pages\/88235\/revisions"}],"predecessor-version":[{"id":178690,"href":"https:\/\/www.sekundomer.ee\/et\/wp-json\/wp\/v2\/pages\/88235\/revisions\/178690"}],"wp:featuredmedia":[{"embeddable":true,"href":"https:\/\/www.sekundomer.ee\/et\/wp-json\/wp\/v2\/media\/88206"}],"wp:attachment":[{"href":"https:\/\/www.sekundomer.ee\/et\/wp-json\/wp\/v2\/media?parent=88235"}],"curies":[{"name":"wp","href":"https:\/\/api.w.org\/{rel}","templated":true}]}}