{"id":88257,"date":"2010-08-25T08:44:03","date_gmt":"2010-08-25T05:44:03","guid":{"rendered":"https:\/\/www.sekundomer.ee\/archivepolls\/"},"modified":"2020-05-30T15:57:30","modified_gmt":"2020-05-30T12:57:30","slug":"archivepolls","status":"publish","type":"page","link":"https:\/\/www.sekundomer.ee\/et\/archivepolls\/","title":{"rendered":"uuringu arhiiv"},"content":{"rendered":"<div class=\"wp-polls wp-polls-archive\">\n<p style=\"text-align: center;\"><strong>Kes tuleb Premium liigas Eesti jalgpallimeistriks?<\/strong><\/p><div id=\"polls-173-ans\" class=\"wp-polls-ans\"><ul class=\"wp-polls-ul\"><li>FC N\u00f5mme Kalju <small>(50%, 1 h\u00e4\u00e4lt)<\/small><div class=\"pollbar\" style=\"width: 45%;\" title=\"FC N\u00f5mme Kalju (50% | 1 h\u00e4\u00e4lt)\"><\/div><\/li><li>FCI Levadia <small>(50%, 1 h\u00e4\u00e4lt)<\/small><div class=\"pollbar\" style=\"width: 45%;\" title=\"FCI Levadia (50% | 1 h\u00e4\u00e4lt)\"><\/div><\/li><li>Paide Linnameeskond <small>(0%, 0 h\u00e4\u00e4lt)<\/small><div class=\"pollbar\" style=\"width: 1%;\" title=\"Paide Linnameeskond (0% | 0 h\u00e4\u00e4lt)\"><\/div><\/li><li>FC Flora <small>(0%, 0 h\u00e4\u00e4lt)<\/small><div class=\"pollbar\" style=\"width: 1%;\" title=\"FC Flora (0% | 0 h\u00e4\u00e4lt)\"><\/div><\/li><\/ul><p style=\"text-align: center;\">Kokku h\u00e4\u00e4letatud: <strong>2<\/strong><\/p><\/div><p>\u0414\u0430\u0442\u0430 \u043d\u0430\u0447\u0430\u043b\u0430: 24.04.2026 @ 19:52<br \/>\u0414\u0430\u0442\u0430 \u043e\u043a\u043e\u043d\u0447\u0430\u043d\u0438\u044f: No Expiry<\/p><p style=\"text-align: center;\"><strong>\u041a\u0442\u043e \u0441\u0442\u0430\u043d\u0435\u0442 \u0447\u0435\u043c\u043f\u0438\u043e\u043d\u043e\u043c \u042d\u0441\u0442\u043e\u043d\u0438\u0438 \u043f\u043e \u0444\u0443\u0442\u0431\u043e\u043b\u0443 \u0432 \u041f\u0440\u0435\u043c\u0438\u0443\u043c-\u043b\u0438\u0433\u0435?<\/strong><\/p><div id=\"polls-172-ans\" class=\"wp-polls-ans\"><ul class=\"wp-polls-ul\"><li>\u041d\u044b\u043c\u043c\u0435 \u041a\u0430\u043b\u044c\u044e <small>(67%, 2 h\u00e4\u00e4lt)<\/small><div class=\"pollbar\" style=\"width: 60%;\" title=\"\u041d\u044b\u043c\u043c\u0435 \u041a\u0430\u043b\u044c\u044e (67% | 2 h\u00e4\u00e4lt)\"><\/div><\/li><li>\u041b\u0435\u0432\u0430\u0434\u0438\u044f <small>(33%, 1 h\u00e4\u00e4lt)<\/small><div class=\"pollbar\" style=\"width: 30%;\" title=\"\u041b\u0435\u0432\u0430\u0434\u0438\u044f (33% | 1 h\u00e4\u00e4lt)\"><\/div><\/li><li>\u041f\u0430\u0439\u0434\u0435\u0441\u043a\u0430\u044f \u043a\u043e\u043c\u0430\u043d\u0434\u0430 <small>(0%, 0 h\u00e4\u00e4lt)<\/small><div class=\"pollbar\" style=\"width: 1%;\" title=\"\u041f\u0430\u0439\u0434\u0435\u0441\u043a\u0430\u044f \u043a\u043e\u043c\u0430\u043d\u0434\u0430 (0% | 0 h\u00e4\u00e4lt)\"><\/div><\/li><li>\u0424\u043b\u043e\u0440\u0430 <small>(0%, 0 h\u00e4\u00e4lt)<\/small><div class=\"pollbar\" style=\"width: 1%;\" title=\"\u0424\u043b\u043e\u0440\u0430 (0% | 0 h\u00e4\u00e4lt)\"><\/div><\/li><\/ul><p style=\"text-align: center;\">Kokku h\u00e4\u00e4letatud: <strong>3<\/strong><\/p><\/div><p>\u0414\u0430\u0442\u0430 \u043d\u0430\u0447\u0430\u043b\u0430: 24.04.2026 @ 19:44<br \/>\u0414\u0430\u0442\u0430 \u043e\u043a\u043e\u043d\u0447\u0430\u043d\u0438\u044f: No Expiry<\/p><p style=\"text-align: center;\"><strong>Eesti hokimeistriv\u00f5istlused on alanud. Kes on sinu lemmik?<\/strong><\/p><div id=\"polls-171-ans\" class=\"wp-polls-ans\"><ul class=\"wp-polls-ul\"><li>Viru Sputnik <small>(60%, 6 h\u00e4\u00e4lt)<\/small><div class=\"pollbar\" style=\"width: 54%;\" title=\"Viru Sputnik (60% | 6 h\u00e4\u00e4lt)\"><\/div><\/li><li>V\u00e4lk 494 <small>(20%, 2 h\u00e4\u00e4lt)<\/small><div class=\"pollbar\" style=\"width: 18%;\" title=\"V\u00e4lk 494 (20% | 2 h\u00e4\u00e4lt)\"><\/div><\/li><li>PSK Narva <small>(10%, 1 h\u00e4\u00e4lt)<\/small><div class=\"pollbar\" style=\"width: 9%;\" title=\"PSK Narva (10% | 1 h\u00e4\u00e4lt)\"><\/div><\/li><li>Everest <small>(10%, 1 h\u00e4\u00e4lt)<\/small><div class=\"pollbar\" style=\"width: 9%;\" title=\"Everest (10% | 1 h\u00e4\u00e4lt)\"><\/div><\/li><li>Vipers <small>(0%, 0 h\u00e4\u00e4lt)<\/small><div class=\"pollbar\" style=\"width: 1%;\" title=\"Vipers (0% | 0 h\u00e4\u00e4lt)\"><\/div><\/li><\/ul><p style=\"text-align: center;\">Kokku h\u00e4\u00e4letatud: <strong>10<\/strong><\/p><\/div><p>\u0414\u0430\u0442\u0430 \u043d\u0430\u0447\u0430\u043b\u0430: 05.10.2025 @ 08:21<br \/>\u0414\u0430\u0442\u0430 \u043e\u043a\u043e\u043d\u0447\u0430\u043d\u0438\u044f: No Expiry<\/p><p style=\"text-align: center;\"><strong>\u0421\u0442\u0430\u0440\u0442\u043e\u0432\u0430\u043b \u0447\u0435\u043c\u043f\u0438\u043e\u043d\u0430\u0442 \u042d\u0441\u0442\u043e\u043d\u0438\u0438 \u043f\u043e \u0445\u043e\u043a\u043a\u0435\u044e. \u0417\u0430 \u043a\u0430\u043a\u0443\u044e \u043a\u043e\u043c\u0430\u043d\u0434\u0443 \u0431\u043e\u043b\u0435\u0435\u0442\u0435?<\/strong><\/p><div id=\"polls-170-ans\" class=\"wp-polls-ans\"><ul class=\"wp-polls-ul\"><li>\u041f\u0421\u0428 <small>(43%, 49 h\u00e4\u00e4lt)<\/small><div class=\"pollbar\" style=\"width: 39%;\" title=\"\u041f\u0421\u0428 (43% | 49 h\u00e4\u00e4lt)\"><\/div><\/li><li>\u0412\u0438\u0440\u0443 \u0421\u043f\u0443\u0442\u043d\u0438\u043a <small>(35%, 40 h\u00e4\u00e4lt)<\/small><div class=\"pollbar\" style=\"width: 32%;\" title=\"\u0412\u0438\u0440\u0443 \u0421\u043f\u0443\u0442\u043d\u0438\u043a (35% | 40 h\u00e4\u00e4lt)\"><\/div><\/li><li>\u042d\u0432\u0435\u0440\u0435\u0441\u0442 <small>(8%, 9 h\u00e4\u00e4lt)<\/small><div class=\"pollbar\" style=\"width: 7%;\" title=\"\u042d\u0432\u0435\u0440\u0435\u0441\u0442 (8% | 9 h\u00e4\u00e4lt)\"><\/div><\/li><li>\u0412\u044f\u043b\u043a 494 <small>(7%, 8 h\u00e4\u00e4lt)<\/small><div class=\"pollbar\" style=\"width: 6%;\" title=\"\u0412\u044f\u043b\u043a 494 (7% | 8 h\u00e4\u00e4lt)\"><\/div><\/li><li>\u0412\u0430\u0439\u043f\u0435\u0440\u0441 <small>(7%, 8 h\u00e4\u00e4lt)<\/small><div class=\"pollbar\" style=\"width: 6%;\" title=\"\u0412\u0430\u0439\u043f\u0435\u0440\u0441 (7% | 8 h\u00e4\u00e4lt)\"><\/div><\/li><\/ul><p style=\"text-align: center;\">Kokku h\u00e4\u00e4letatud: <strong>114<\/strong><\/p><\/div><p>\u0414\u0430\u0442\u0430 \u043d\u0430\u0447\u0430\u043b\u0430: 05.10.2025 @ 08:05<br \/>\u0414\u0430\u0442\u0430 \u043e\u043a\u043e\u043d\u0447\u0430\u043d\u0438\u044f: No Expiry<\/p><p style=\"text-align: center;\"><strong>\u0417\u0430 \u043a\u0430\u043a\u0443\u044e \u043a\u043e\u043c\u0430\u043d\u0434\u0443 \u0432 \u0444\u0443\u0442\u0431\u043e\u043b\u044c\u043d\u043e\u0439 \u041f\u0440\u0435\u043c\u0438\u0443\u043c \u043b\u0438\u0433\u0435 \u0432\u044b \u0431\u043e\u043b\u0435\u0435\u0442\u0435?<\/strong><\/p><div id=\"polls-169-ans\" class=\"wp-polls-ans\"><ul class=\"wp-polls-ul\"><li>\u041d\u0430\u0440\u0432\u0430 \u0422\u0440\u0430\u043d\u0441 <small>(59%, 22 h\u00e4\u00e4lt)<\/small><div class=\"pollbar\" style=\"width: 53%;\" title=\"\u041d\u0430\u0440\u0432\u0430 \u0422\u0440\u0430\u043d\u0441 (59% | 22 h\u00e4\u00e4lt)\"><\/div><\/li><li>\u041b\u0435\u0432\u0430\u0434\u0438\u044f <small>(14%, 5 h\u00e4\u00e4lt)<\/small><div class=\"pollbar\" style=\"width: 13%;\" title=\"\u041b\u0435\u0432\u0430\u0434\u0438\u044f (14% | 5 h\u00e4\u00e4lt)\"><\/div><\/li><li>\u041f\u0430\u0439\u0434\u0435\u0441\u043a\u0430\u044f \u043a\u043e\u043c\u0430\u043d\u0434\u0430 <small>(11%, 4 h\u00e4\u00e4lt)<\/small><div class=\"pollbar\" style=\"width: 10%;\" title=\"\u041f\u0430\u0439\u0434\u0435\u0441\u043a\u0430\u044f \u043a\u043e\u043c\u0430\u043d\u0434\u0430 (11% | 4 h\u00e4\u00e4lt)\"><\/div><\/li><li>\u041d\u044b\u043c\u043c\u0435 \u041a\u0430\u043b\u044c\u044e <small>(8%, 3 h\u00e4\u00e4lt)<\/small><div class=\"pollbar\" style=\"width: 7%;\" title=\"\u041d\u044b\u043c\u043c\u0435 \u041a\u0430\u043b\u044c\u044e (8% | 3 h\u00e4\u00e4lt)\"><\/div><\/li><li>\u0424\u043b\u043e\u0440\u0430 <small>(5%, 2 h\u00e4\u00e4lt)<\/small><div class=\"pollbar\" style=\"width: 5%;\" title=\"\u0424\u043b\u043e\u0440\u0430 (5% | 2 h\u00e4\u00e4lt)\"><\/div><\/li><li>\u0437\u0430 \u0434\u0440\u0443\u0433\u0443\u044e <small>(3%, 1 h\u00e4\u00e4lt)<\/small><div class=\"pollbar\" style=\"width: 3%;\" title=\"\u0437\u0430 \u0434\u0440\u0443\u0433\u0443\u044e (3% | 1 h\u00e4\u00e4lt)\"><\/div><\/li><\/ul><p style=\"text-align: center;\">Kokku h\u00e4\u00e4letatud: <strong>37<\/strong><\/p><\/div><p>\u0414\u0430\u0442\u0430 \u043d\u0430\u0447\u0430\u043b\u0430: 06.05.2025 @ 17:18<br \/>\u0414\u0430\u0442\u0430 \u043e\u043a\u043e\u043d\u0447\u0430\u043d\u0438\u044f: No Expiry<\/p><\/div>\n<div class=\"wp-polls-paging\">\n<span class=\"pages\">&#8201;Page 1 of 34&#8201;<\/span><span class=\"current\">&#8201;1&#8201;<\/span><a href=\"http:\/\/www.sekundomer.ee\/archivepolls?poll_page=2\" title=\"2\">&#8201;2&#8201;<\/a><a href=\"http:\/\/www.sekundomer.ee\/archivepolls?poll_page=3\" title=\"3\">&#8201;3&#8201;<\/a><a href=\"http:\/\/www.sekundomer.ee\/archivepolls?poll_page=4\" title=\"4\">&#8201;4&#8201;<\/a><a href=\"http:\/\/www.sekundomer.ee\/archivepolls?poll_page=5\" title=\"5\">&#8201;5&#8201;<\/a><a href=\"http:\/\/www.sekundomer.ee\/archivepolls?poll_page=6\" title=\"6\">&#8201;6&#8201;<\/a><a href=\"http:\/\/www.sekundomer.ee\/archivepolls?poll_page=7\" title=\"7\">&#8201;7&#8201;<\/a><a href=\"http:\/\/www.sekundomer.ee\/archivepolls?poll_page=8\" title=\"8\">&#8201;8&#8201;<\/a><a href=\"http:\/\/www.sekundomer.ee\/archivepolls?poll_page=9\" title=\"9\">&#8201;9&#8201;<\/a><a href=\"http:\/\/www.sekundomer.ee\/archivepolls?poll_page=10\" title=\"10\">&#8201;10&#8201;<\/a><a href=\"http:\/\/www.sekundomer.ee\/archivepolls?poll_page=2\" title=\"&raquo;\">&#8201;&raquo;&#8201;<\/a><span class=\"extend\">...<\/span><a href=\"http:\/\/www.sekundomer.ee\/archivepolls?poll_page=34\" title=\"Last &raquo;\">&#8201;Last &raquo;&#8201;<\/a><\/div>\n","protected":false},"excerpt":{"rendered":"","protected":false},"author":2,"featured_media":88206,"parent":0,"menu_order":0,"comment_status":"open","ping_status":"open","template":"","meta":{"_seopress_robots_primary_cat":"","_seopress_titles_title":"","_seopress_titles_desc":"","_seopress_robots_index":"","footnotes":""},"class_list":["post-88257","page","type-page","status-publish","has-post-thumbnail"],"_links":{"self":[{"href":"https:\/\/www.sekundomer.ee\/et\/wp-json\/wp\/v2\/pages\/88257","targetHints":{"allow":["GET"]}}],"collection":[{"href":"https:\/\/www.sekundomer.ee\/et\/wp-json\/wp\/v2\/pages"}],"about":[{"href":"https:\/\/www.sekundomer.ee\/et\/wp-json\/wp\/v2\/types\/page"}],"author":[{"embeddable":true,"href":"https:\/\/www.sekundomer.ee\/et\/wp-json\/wp\/v2\/users\/2"}],"replies":[{"embeddable":true,"href":"https:\/\/www.sekundomer.ee\/et\/wp-json\/wp\/v2\/comments?post=88257"}],"version-history":[{"count":0,"href":"https:\/\/www.sekundomer.ee\/et\/wp-json\/wp\/v2\/pages\/88257\/revisions"}],"wp:featuredmedia":[{"embeddable":true,"href":"https:\/\/www.sekundomer.ee\/et\/wp-json\/wp\/v2\/media\/88206"}],"wp:attachment":[{"href":"https:\/\/www.sekundomer.ee\/et\/wp-json\/wp\/v2\/media?parent=88257"}],"curies":[{"name":"wp","href":"https:\/\/api.w.org\/{rel}","templated":true}]}}