{"id":88264,"date":"2010-08-20T08:59:58","date_gmt":"2010-08-20T05:59:58","guid":{"rendered":"https:\/\/www.sekundomer.ee\/about\/"},"modified":"2025-05-06T09:51:49","modified_gmt":"2025-05-06T06:51:49","slug":"about","status":"publish","type":"page","link":"https:\/\/www.sekundomer.ee\/et\/about\/","title":{"rendered":"Kontakt"},"content":{"rendered":"<p><strong>Kirjutage meile<\/strong><\/p>\n<p>Lugupeetud spordiorganisatsioonide liikmed, juhid ja treenerid!<\/p>\n<p>Kui Teil on teavet v\u00f5i teie kasvandike v\u00f5istlustel osalemise tulemused, kirjutage julgesti meie e-posti <strong><a href=\"mailto:info@sekundomer.ee\">aadressile<\/a><\/strong>. V\u00f5i kasutage allpool olevat vormi.<\/p>\n<p>Samuti on teil \u00f5igus kommenteerida mis tahes uudiseid ilma meie portaalis eelnevalt registreerumata, j\u00e4rgides samas s\u00fcndsuse reegleid ja austades teisi kasutajaid.<\/p>\n\n<div class=\"wpcf7 no-js\" id=\"wpcf7-f88794-o1\" lang=\"et\" dir=\"ltr\" data-wpcf7-id=\"88794\">\n<div class=\"screen-reader-response\"><p role=\"status\" aria-live=\"polite\" aria-atomic=\"true\"><\/p> <ul><\/ul><\/div>\n<form action=\"\/et\/wp-json\/wp\/v2\/pages\/88264#wpcf7-f88794-o1\" method=\"post\" class=\"wpcf7-form init\" aria-label=\"Contact form\" novalidate=\"novalidate\" data-status=\"init\">\n<fieldset class=\"hidden-fields-container\"><input type=\"hidden\" name=\"_wpcf7\" value=\"88794\" \/><input type=\"hidden\" name=\"_wpcf7_version\" value=\"6.1.4\" \/><input type=\"hidden\" name=\"_wpcf7_locale\" value=\"et\" \/><input type=\"hidden\" name=\"_wpcf7_unit_tag\" value=\"wpcf7-f88794-o1\" \/><input type=\"hidden\" name=\"_wpcf7_container_post\" value=\"0\" \/><input type=\"hidden\" name=\"_wpcf7_posted_data_hash\" value=\"\" \/><input type=\"hidden\" name=\"_wpcf7_recaptcha_response\" value=\"\" \/>\n<\/fieldset>\n<p>Teie nimi\n<\/p>\n<p><span class=\"wpcf7-form-control-wrap\" data-name=\"teie-nimi\"><input size=\"40\" maxlength=\"400\" class=\"wpcf7-form-control wpcf7-text wpcf7-validates-as-required\" aria-required=\"true\" aria-invalid=\"false\" value=\"\" type=\"text\" name=\"teie-nimi\" \/><\/span>\n<\/p>\n<p>Teie E-Mail\n<\/p>\n<p><span class=\"wpcf7-form-control-wrap\" data-name=\"teie-email\"><input size=\"40\" maxlength=\"400\" class=\"wpcf7-form-control wpcf7-email wpcf7-validates-as-required wpcf7-text wpcf7-validates-as-email\" aria-required=\"true\" aria-invalid=\"false\" value=\"\" type=\"email\" name=\"teie-email\" \/><\/span>\n<\/p>\n<p>\u0422\u0435em\u0430\n<\/p>\n<p><span class=\"wpcf7-form-control-wrap\" data-name=\"your-subject\"><input size=\"40\" maxlength=\"400\" class=\"wpcf7-form-control wpcf7-text\" aria-invalid=\"false\" value=\"\" type=\"text\" name=\"your-subject\" \/><\/span>\n<\/p>\n<p>S\u00f5num\n<\/p>\n<p><span class=\"wpcf7-form-control-wrap\" data-name=\"your-message\"><textarea cols=\"40\" rows=\"10\" maxlength=\"2000\" class=\"wpcf7-form-control wpcf7-textarea\" aria-invalid=\"false\" name=\"your-message\"><\/textarea><\/span>\n<\/p>\n<p><span id=\"wpcf7-6a0a34f1d2e16-wrapper\" class=\"wpcf7-form-control-wrap honeypot-form-wrap\" ><label for=\"wpcf7-6a0a34f1d2e16-field\" class=\"hp-message\">Please leave this field empty.<\/label><input id=\"wpcf7-6a0a34f1d2e16-field\"  class=\"wpcf7-form-control wpcf7-text\" type=\"text\" name=\"honeypot-form\" value=\"\" size=\"40\" tabindex=\"-1\" autocomplete=\"off\" \/><\/span>\n<\/p>\n<p><input class=\"wpcf7-form-control wpcf7-submit has-spinner\" type=\"submit\" value=\"Saada\" \/>\n<\/p><p style=\"display: none !important;\" class=\"akismet-fields-container\" data-prefix=\"_wpcf7_ak_\"><label>&#916;<textarea name=\"_wpcf7_ak_hp_textarea\" cols=\"45\" rows=\"8\" maxlength=\"100\"><\/textarea><\/label><input type=\"hidden\" id=\"ak_js_1\" name=\"_wpcf7_ak_js\" value=\"211\"\/><script>document.getElementById( \"ak_js_1\" ).setAttribute( \"value\", ( new Date() ).getTime() );<\/script><\/p><div class=\"wpcf7-response-output\" aria-hidden=\"true\"><\/div>\n<\/form>\n<\/div>\n\n","protected":false},"excerpt":{"rendered":"<p>Kirjutage meile Lugupeetud spordiorganisatsioonide liikmed, juhid ja treenerid! Kui Teil on teavet v\u00f5i teie kasvandike v\u00f5istlustel osalemise tulemused, kirjutage julgesti meie e-posti aadressile. V\u00f5i kasutage allpool olevat vormi. Samuti on teil \u00f5igus kommenteerida mis tahes uudiseid ilma meie portaalis eelnevalt registreerumata, j\u00e4rgides samas s\u00fcndsuse reegleid ja austades teisi kasutajaid.<\/p>\n","protected":false},"author":80,"featured_media":88206,"parent":0,"menu_order":9,"comment_status":"open","ping_status":"open","template":"","meta":{"_seopress_robots_primary_cat":"","_seopress_titles_title":"","_seopress_titles_desc":"","_seopress_robots_index":"","footnotes":""},"class_list":["post-88264","page","type-page","status-publish","has-post-thumbnail"],"_links":{"self":[{"href":"https:\/\/www.sekundomer.ee\/et\/wp-json\/wp\/v2\/pages\/88264","targetHints":{"allow":["GET"]}}],"collection":[{"href":"https:\/\/www.sekundomer.ee\/et\/wp-json\/wp\/v2\/pages"}],"about":[{"href":"https:\/\/www.sekundomer.ee\/et\/wp-json\/wp\/v2\/types\/page"}],"author":[{"embeddable":true,"href":"https:\/\/www.sekundomer.ee\/et\/wp-json\/wp\/v2\/users\/80"}],"replies":[{"embeddable":true,"href":"https:\/\/www.sekundomer.ee\/et\/wp-json\/wp\/v2\/comments?post=88264"}],"version-history":[{"count":2,"href":"https:\/\/www.sekundomer.ee\/et\/wp-json\/wp\/v2\/pages\/88264\/revisions"}],"predecessor-version":[{"id":173538,"href":"https:\/\/www.sekundomer.ee\/et\/wp-json\/wp\/v2\/pages\/88264\/revisions\/173538"}],"wp:featuredmedia":[{"embeddable":true,"href":"https:\/\/www.sekundomer.ee\/et\/wp-json\/wp\/v2\/media\/88206"}],"wp:attachment":[{"href":"https:\/\/www.sekundomer.ee\/et\/wp-json\/wp\/v2\/media?parent=88264"}],"curies":[{"name":"wp","href":"https:\/\/api.w.org\/{rel}","templated":true}]}}