{"id":99256,"date":"2022-01-02T18:19:44","date_gmt":"2022-01-02T16:19:44","guid":{"rendered":"https:\/\/www.sekundomer.ee\/?page_id=99256"},"modified":"2025-12-29T14:35:54","modified_gmt":"2025-12-29T12:35:54","slug":"eesti-parimad-sportlased","status":"publish","type":"page","link":"https:\/\/www.sekundomer.ee\/et\/eesti-parimad-sportlased\/","title":{"rendered":"Eesti parimad sportlased"},"content":{"rendered":"<h1>2025<\/h1>\n<p><strong style=\"color: #222222; font-family: Verdana, BlinkMacSystemFont, -apple-system, 'Segoe UI', Roboto, Oxygen, Ubuntu, Cantarell, 'Open Sans', 'Helvetica Neue', sans-serif; font-size: 15px;\">Parim sportlane<br \/>\n<\/strong><span style=\"color: #222222; font-family: Verdana, BlinkMacSystemFont, -apple-system, 'Segoe UI', Roboto, Oxygen, Ubuntu, Cantarell, 'Open Sans', 'Helvetica Neue', sans-serif; font-size: 15px;\">k\u00fcmnev\u00f5istleja Johannes Erm<\/span><\/p>\n<p><strong>Parim naissportlane<\/strong><br \/>\nUjuja Eneli Efimova<\/p>\n<p><strong>Parim noor sportlane<\/strong><br \/>\nujuja Eneli Efimova<\/p>\n<p><strong>Parim noor sportlane<br \/>\n<\/strong>laskesuusataja Jakob Kulbin<\/p>\n<p><strong>Parim treener<\/strong><br \/>\nHenri Hein ja Stefani Wendelschaefer (ujumine)<\/p>\n<p><strong>Parim v\u00f5istkond<br \/>\n<\/strong>Epeenaiskond (Katrina Lehis, Julia Beljaeva,<br \/>\nNelli Differt, Irina Embrih).<\/p>\n<h1><\/h1>\n<h1>2024<br \/>\n<strong style=\"color: #222222; font-family: Verdana, BlinkMacSystemFont, -apple-system, 'Segoe UI', Roboto, Oxygen, Ubuntu, Cantarell, 'Open Sans', 'Helvetica Neue', sans-serif; font-size: 15px;\"><br \/>\n<\/strong><\/h1>\n<p><strong style=\"color: #222222; font-family: Verdana, BlinkMacSystemFont, -apple-system, 'Segoe UI', Roboto, Oxygen, Ubuntu, Cantarell, 'Open Sans', 'Helvetica Neue', sans-serif; font-size: 15px;\">Parim sportlane<br \/>\n<\/strong><span style=\"color: #222222; font-family: Verdana, BlinkMacSystemFont, -apple-system, 'Segoe UI', Roboto, Oxygen, Ubuntu, Cantarell, 'Open Sans', 'Helvetica Neue', sans-serif; font-size: 15px;\">k\u00fcmnev\u00f5istleja Johannes Erm<\/span><\/p>\n<p><strong>Parim naissportlane<\/strong><br \/>\nUjuja Eneli Efimova<\/p>\n<p><strong>Parim noor sportlane<\/strong><br \/>\nujuja Eneli Efimova<\/p>\n<p><strong>Parim treener<\/strong><br \/>\nHenri Hein (ujumine)<\/p>\n<p><strong>Parim v\u00f5istkond<\/strong><br \/>\nMarie Kaldvee &#8211; Harri Lill (kurling)<\/p>\n<h1>2023<\/h1>\n<p><strong>Parim sportlane<\/strong><br \/>\nKarel <span style=\"color: #008000;\"><a style=\"color: #008000;\" href=\"https:\/\/www.sekundomer.ee\/wp-content\/uploads\/2023\/12\/3.jpg\">Tilga<\/a><\/span><\/p>\n<p><strong>Parim sportlane<\/strong><br \/>\nEneli <a href=\"https:\/\/www.sekundomer.ee\/wp-content\/uploads\/2023\/12\/2.jpg\"><span style=\"color: #008000;\">Efimova<\/span><\/a><\/p>\n<p><strong>Parim noor sportlane<\/strong><br \/>\nEneli <a href=\"https:\/\/www.sekundomer.ee\/wp-content\/uploads\/2023\/12\/2.jpg\"><span style=\"color: #008000;\">Efimova<\/span><\/a><\/p>\n<p><strong>Aasta treener<\/strong><br \/>\nHenri <span style=\"color: #008000;\"><a style=\"color: #008000;\" href=\"https:\/\/www.sekundomer.ee\/wp-content\/uploads\/2023\/12\/Henri-Hein.jpg\">Hein<\/a><\/span><\/p>\n<p><strong>Aasta meeskond<\/strong><br \/>\nNaiste v\u00f5rkpallimeeskond.<\/p>\n<h1>2022<\/h1>\n<p><strong>Parim sportlane<\/strong><br \/>\nJanek \u00d5iglane<\/p>\n<p><strong>Parim sportlane<\/strong><br \/>\nKelli Sildaru<\/p>\n<p><strong>Parim noor sportlane<\/strong><br \/>\nKarmen Bruus<\/p>\n<p><strong>Aasta treener<\/strong><br \/>\nGerd Kanter<\/p>\n<p><strong>Aasta meeskond<\/strong><br \/>\nOtt T\u00e4nak &#8211; Martin J\u00e4rveoja (autoralli)<\/p>\n<h1>2021<\/h1>\n<p><strong>Parim sportlane<br \/>\n<\/strong>Rasmus M\u00e4gi (t\u00f5kkejooksja)<\/p>\n<p><strong>Parim sportlane<br \/>\n<\/strong>Katrina Lehis (epeevehkleja)<strong><br \/>\n<\/strong><\/p>\n<p><strong>Aasta meeskond<br \/>\n<\/strong>Epeenaiskond (Katrina Lehis, Julia Beljaeva,<br \/>\nErika Kirpu, Irina Embrih)<\/p>\n<p><strong>Aasta treener<br \/>\n<\/strong>Kaido Kaaberma<\/p>\n<p><strong>Parim noor sportlane<br \/>\n<\/strong>Eneli Jefimova (ujuja)<strong><br \/>\n<\/strong><\/p>\n<h1>2019<\/h1>\n<p><strong>Parim sportlane<\/strong><br \/>\nMagnus Kirt (oda)<\/p>\n<p><strong>Parim sportlane<\/strong><br \/>\nKelly Sildaru (vigursuusataja)<\/p>\n<p><strong>Aasta meeskond<\/strong><br \/>\nOtt T\u00e4nak &#8211; Martin J\u00e4rveoja (autoralli)<\/p>\n<p><strong>Aasta treener<\/strong><br \/>\nduo treenerid Indrek Tustit &#8211; Marek Wister<\/p>\n<p><strong>Parim noor sportlane<\/strong><br \/>\nKelly Sildaru<\/p>\n<p><strong>Parim veteransportlane<\/strong><br \/>\nAnton Laus<\/p>\n<p><strong>Aasta parasportlased<\/strong><br \/>\nSuzanne Kau ja Matz Topkin (ujumine)<\/p>\n<h1>2018<\/h1>\n<p><strong>Parim sportlane<\/strong><br \/>\nMagnus Kirt (oda)<\/p>\n<p><strong>Parim sportlane<\/strong><br \/>\nSaskia Alusalu (uisutamine)<\/p>\n<p><strong>Aasta treener<\/strong><br \/>\nGheorghe Cretu (v\u00f5rkpall)<\/p>\n<p><strong>Aasta meeskond<\/strong><br \/>\nOtt T\u00e4nak &#8211; Martin J\u00e4rveoja (autoralli)<\/p>\n","protected":false},"excerpt":{"rendered":"<p>2025 Parim sportlane k\u00fcmnev\u00f5istleja Johannes Erm Parim naissportlane Ujuja Eneli Efimova Parim noor sportlane ujuja Eneli Efimova Parim noor sportlane laskesuusataja Jakob Kulbin Parim treener Henri Hein ja Stefani Wendelschaefer (ujumine) Parim v\u00f5istkond Epeenaiskond (Katrina Lehis, Julia Beljaeva, Nelli Differt, Irina Embrih). 2024 Parim sportlane k\u00fcmnev\u00f5istleja Johannes Erm Parim naissportlane Ujuja Eneli Efimova Parim noor [&hellip;]<\/p>\n","protected":false},"author":80,"featured_media":0,"parent":0,"menu_order":0,"comment_status":"closed","ping_status":"closed","template":"","meta":{"_seopress_robots_primary_cat":"","_seopress_titles_title":"","_seopress_titles_desc":"","_seopress_robots_index":"","footnotes":""},"class_list":["post-99256","page","type-page","status-publish"],"_links":{"self":[{"href":"https:\/\/www.sekundomer.ee\/et\/wp-json\/wp\/v2\/pages\/99256","targetHints":{"allow":["GET"]}}],"collection":[{"href":"https:\/\/www.sekundomer.ee\/et\/wp-json\/wp\/v2\/pages"}],"about":[{"href":"https:\/\/www.sekundomer.ee\/et\/wp-json\/wp\/v2\/types\/page"}],"author":[{"embeddable":true,"href":"https:\/\/www.sekundomer.ee\/et\/wp-json\/wp\/v2\/users\/80"}],"replies":[{"embeddable":true,"href":"https:\/\/www.sekundomer.ee\/et\/wp-json\/wp\/v2\/comments?post=99256"}],"version-history":[{"count":3,"href":"https:\/\/www.sekundomer.ee\/et\/wp-json\/wp\/v2\/pages\/99256\/revisions"}],"predecessor-version":[{"id":178635,"href":"https:\/\/www.sekundomer.ee\/et\/wp-json\/wp\/v2\/pages\/99256\/revisions\/178635"}],"wp:attachment":[{"href":"https:\/\/www.sekundomer.ee\/et\/wp-json\/wp\/v2\/media?parent=99256"}],"curies":[{"name":"wp","href":"https:\/\/api.w.org\/{rel}","templated":true}]}}