{"id":99291,"date":"2020-06-03T17:54:48","date_gmt":"2020-06-03T14:54:48","guid":{"rendered":"https:\/\/www.sekundomer.ee\/?page_id=99291"},"modified":"2021-09-06T17:51:25","modified_gmt":"2021-09-06T14:51:25","slug":"seriavoistlused","status":"publish","type":"page","link":"https:\/\/www.sekundomer.ee\/et\/seriavoistlused\/","title":{"rendered":"Seriav\u00f5istlused"},"content":{"rendered":"<h2>TOILA VALLA JOOKSUSARI 2021<\/h2>\n<p class=\"font_8\"><span class=\"color_14\">21.05 &#8211; I Richard Roodeni m\u00e4lestusjooks. <strong><a href=\"https:\/\/www.sekundomer.ee\/wp-content\/uploads\/2021\/05\/RRoodeni_jooks21052021.pdf\">Protokoll<\/a><\/strong>. <strong><a href=\"https:\/\/www.sekundomer.ee\/novosti\/startovala-begovaya-seriya-tojlaskoj-volosti\/\">Pildid ja video<\/a><\/strong>.<br \/>\n<\/span>24.06 &#8211; II Maido Keskk\u00fcla m\u00e4lestusjooks. <span class=\"color_14\"><strong><a href=\"https:\/\/www.sekundomer.ee\/wp-content\/uploads\/2021\/06\/MaidoKeskkyla-jooks-24062021.pdf\">Protokoll<\/a><\/strong>.<\/span><br \/>\n11.07 &#8211; Toila SPA jooks. <span class=\"color_14\"><strong><a href=\"https:\/\/www.sekundomer.ee\/wp-content\/uploads\/2021\/07\/Toila-SPAjooks.pdf\">Protokoll<\/a><\/strong>.<\/span><br \/>\n3.09 &#8211; 27. Toila valla rahvajooks. <span class=\"color_14\"><strong><a href=\"https:\/\/www.sekundomer.ee\/wp-content\/uploads\/2021\/09\/Toila-rahvajooks2021.pdf\">Protokoll<\/a><\/strong>.<br \/>\n<strong><a href=\"https:\/\/www.sekundomer.ee\/wp-content\/uploads\/2021\/09\/Toila-jooksusari-2021_koond.pdf\">Koondtulemused<\/a><\/strong>.<\/span><\/p>\n<h2>TOILA VALLA JOOKSUSARI 2020<\/h2>\n<p>24.06 &#8211; I Maido Keskk\u00fcla m\u00e4lestusjooks. <strong><a href=\"http:\/\/sportiv.ee\/protokoll\/MaidoKeskkyla24062020.pdf\">PROTOKOLL<\/a><\/strong>. <strong><a href=\"https:\/\/www.sekundomer.ee\/arxivnye-materialy\/i-memorial-majdo-keskkyula-po-begu-saka-24-06-2020\/\">Pildid<\/a><\/strong>.<br \/>\n12.07 &#8211; 7. Irina Vassiljeva nimeline Toila kergej\u00f5ustikuklubi jooks. <strong><a href=\"https:\/\/www.sekundomer.ee\/wp-content\/uploads\/2020\/07\/IVassiljeeva_12072020.pdf\">PROTOKOLL<\/a><\/strong>.<br \/>\n31.08 &#8211; Kohtla-N\u00f5mme rahvajooks. <strong><a href=\"http:\/\/sportiv.ee\/protokoll\/KohtlaNomme31082020.pdf\">PROTOKOLL<\/a><\/strong>.<br \/>\n11.09 &#8211; XXVI Toila valla rahvajooks. <a href=\"https:\/\/www.sekundomer.ee\/wp-content\/uploads\/2020\/09\/ToilaRahvajooks04092020-1.xls\"><strong>PROTOKOLL<\/strong><\/a>.<\/p>\n<h2>IDA-VIRU RULLISARI 2020<\/h2>\n<p><strong><a href=\"https:\/\/www.sekundomer.ee\/wp-content\/uploads\/2020\/06\/Ida-Viru-rullisari-2020-\u00fcldjuhend.pdf\">JUHEND<\/a><\/strong>.<\/p>\n<p>16.06 \u2013 Alutaguse Puhke-ja Spordikeskus.<strong><a href=\"https:\/\/www.sekundomer.ee\/wp-content\/uploads\/2020\/06\/Rullisari-16062020-1.pdf\"> PROTOKOLL<\/a><\/strong>. <strong><a href=\"https:\/\/www.sekundomer.ee\/et\/fotoreportaazid\/rullisari-1-etapp-pannjarve-16-06-2020\/\">Pildid<\/a><\/strong>.<br \/>\n7.07 \u2013 Narva \u00c4kkek\u00fcla. <strong><a href=\"https:\/\/www.sekundomer.ee\/wp-content\/uploads\/2020\/07\/Rullisari2020-Narva7072020.pdf\">PROTOKOLL<\/a><\/strong>.<br \/>\n14.07 \u2013 M\u00e4etaguse rullirada. PROTOKOLL: <strong><a href=\"http:\/\/sportiv.ee\/protokoll\/Rullisari_M%C3%A4etaguse_14072020s.pdf\">1<\/a><\/strong> ja <strong><a href=\"http:\/\/sportiv.ee\/protokoll\/Rullisari_M%C3%A4etaguse_14072020u.pdf\">2<\/a><\/strong>.<br \/>\n4.08\u00a0 \u00a0&#8211; M\u00e4etaguse rullirada. <strong><a href=\"https:\/\/drive.google.com\/file\/d\/1fkPmqPcDFSflM23Tsy21Rhk7nmUGy7nH\/view?fbclid=IwAR1f7v-mUuzNSIQbXvHiVjs6Dko6TT130bNyBYs-qJKDpZUk2SFVTPWDBoA\">PROTOKOLL<\/a><\/strong>.<br \/>\n18.08 &#8211; Alutaguse Puhke-ja Spordikeskus. <strong><a href=\"https:\/\/www.sekundomer.ee\/wp-content\/uploads\/2020\/08\/Rullisari_Pannjarve18082020.pdf\">PROTOKOLL<\/a><\/strong>.<\/p>\n<h2>IDA-VIRUMAA RATTA\u00d5HTUD 2020<\/h2>\n<p><strong><a href=\"https:\/\/www.sekundomer.ee\/wp-content\/uploads\/2020\/06\/STOKKER-J\u00d5HVI.docx\">JUHEND<\/a><\/strong>.<\/p>\n<p>17.06. \u2013 Pannj\u00e4rve Singel \u2013 Vabajooks J\u00f5hvi. <strong><a href=\"https:\/\/www.sekundomer.ee\/wp-content\/uploads\/2020\/06\/TULEMUSED-VG-MAASTIKURATTA-\u00d5HTUS\u00d5IDUD-2020-I.pdf\">PROTOKOLL<\/a><\/strong>.<br \/>\n8.07. \u2013 Sinim\u00e4e T\u00f5usumeetrid &#8211; \u00c4kke spordiklubi. <strong><a href=\"https:\/\/drive.google.com\/file\/d\/1idRr71RJ8hMD7ICVYs8WXS6X8cVLfQxQ\/view?fbclid=IwAR3NGIqHHveU03fJh-VqU0rsyLb_5PkhySGBR9SDLQabXszBtbaqKTiDFAI\">PROTOKOLL<\/a><\/strong>.<br \/>\n22.07. \u2013 Pannj\u00e4rve eraldistart MNT \u2013 MTB rattad punktide koefitsient 1,5, FatBike 2,0 &#8211; Vabajooks J\u00f5hvi. <strong><a href=\"https:\/\/www.sekundomer.ee\/wp-content\/uploads\/2020\/07\/TULEMUSED-MAASTIKURATTA-\u00d5HTUS\u00d5IDUD-2020-III.pdf\">PROTOKOLL<\/a><\/strong>.<br \/>\n26.08. \u2013 Voka rattakross. <strong><a href=\"https:\/\/www.sekundomer.ee\/wp-content\/uploads\/2020\/08\/TULEMUSED-VG-MAASTIKURATTA-OHTUSOIDUD-2020-IV-1.pdf\">PROTOKOLL<\/a><\/strong>.<br \/>\n23.09. \u2013 Narva Riigik\u00fcla Narva ja Ida-Virumaa MV &#8211; \u00c4kke spordiklubi. <strong><a href=\"https:\/\/www.sekundomer.ee\/wp-content\/uploads\/2020\/09\/TULEMUSED-VG-MAASTIKURATTA-OHTUSOIDUD-2020-V-1.pdf\">PROTOKOLL<\/a><\/strong>.<br \/>\n17.10. \u2013 Narva MTB, Hooaja l\u00f5petamine \u2013 topeltpunktid! &#8211; \u00c4kke spordiklubi. <strong><a href=\"https:\/\/drive.google.com\/file\/d\/1OdjePA9l2SkgawN75rifT_oK899lDAbl\/view\">PROTOKOLL<\/a><\/strong>.<br \/>\n<strong><a href=\"https:\/\/drive.google.com\/file\/d\/1OPaYk6sjmbu6avPymQbXz7Pztr9WSHBb\/view\" target=\"_blank\" rel=\"noopener noreferrer\">Koondtulemused<\/a><\/strong><\/p>\n","protected":false},"excerpt":{"rendered":"<p>TOILA VALLA JOOKSUSARI 2021 21.05 &#8211; I Richard Roodeni m\u00e4lestusjooks. Protokoll. Pildid ja video. 24.06 &#8211; II Maido Keskk\u00fcla m\u00e4lestusjooks. Protokoll. 11.07 &#8211; Toila SPA jooks. Protokoll. 3.09 &#8211; 27. Toila valla rahvajooks. Protokoll. Koondtulemused. TOILA VALLA JOOKSUSARI 2020 24.06 &#8211; I Maido Keskk\u00fcla m\u00e4lestusjooks. PROTOKOLL. Pildid. 12.07 &#8211; 7. Irina Vassiljeva nimeline Toila kergej\u00f5ustikuklubi [&hellip;]<\/p>\n","protected":false},"author":80,"featured_media":0,"parent":0,"menu_order":0,"comment_status":"closed","ping_status":"closed","template":"","meta":{"_seopress_robots_primary_cat":"","_seopress_titles_title":"","_seopress_titles_desc":"","_seopress_robots_index":"","footnotes":""},"class_list":["post-99291","page","type-page","status-publish"],"_links":{"self":[{"href":"https:\/\/www.sekundomer.ee\/et\/wp-json\/wp\/v2\/pages\/99291","targetHints":{"allow":["GET"]}}],"collection":[{"href":"https:\/\/www.sekundomer.ee\/et\/wp-json\/wp\/v2\/pages"}],"about":[{"href":"https:\/\/www.sekundomer.ee\/et\/wp-json\/wp\/v2\/types\/page"}],"author":[{"embeddable":true,"href":"https:\/\/www.sekundomer.ee\/et\/wp-json\/wp\/v2\/users\/80"}],"replies":[{"embeddable":true,"href":"https:\/\/www.sekundomer.ee\/et\/wp-json\/wp\/v2\/comments?post=99291"}],"version-history":[{"count":0,"href":"https:\/\/www.sekundomer.ee\/et\/wp-json\/wp\/v2\/pages\/99291\/revisions"}],"wp:attachment":[{"href":"https:\/\/www.sekundomer.ee\/et\/wp-json\/wp\/v2\/media?parent=99291"}],"curies":[{"name":"wp","href":"https:\/\/api.w.org\/{rel}","templated":true}]}}