{"id":99213,"date":"2020-09-09T20:51:34","date_gmt":"2020-09-09T17:51:34","guid":{"rendered":"https:\/\/www.sekundomer.ee\/?page_id=99213"},"modified":"2020-09-09T20:51:34","modified_gmt":"2020-09-09T17:51:34","slug":"organizacii-kluby","status":"publish","type":"page","link":"https:\/\/www.sekundomer.ee\/ru\/organizacii-kluby\/","title":{"rendered":"\u041e\u0440\u0433\u0430\u043d\u0438\u0437\u0430\u0446\u0438\u0438, \u043a\u043b\u0443\u0431\u044b"},"content":{"rendered":"<h2>\u042d\u0421\u0422\u041e\u041d\u0421\u041a\u0418\u0419 \u041e\u041b\u0418\u041c\u041f\u0418\u0419\u0421\u041a\u0418\u0419 \u041a\u041e\u041c\u0418\u0422\u0415\u0422<\/h2>\n<p><a href=\"https:\/\/www.eok.ee\/et\">https:\/\/www.eok.ee\/et<\/a><\/p>\n<h2>\u0423\u0415\u0417\u0414\u041d\u042b\u0415 \u0421\u041f\u041e\u0420\u0422\u0418\u0412\u041d\u042b\u0415 \u0421\u041e\u042e\u0417\u042b<\/h2>\n<p><a href=\"http:\/\/www.hiiumaasport.ee\/\">Hiiumaa Spordiliit<\/a><a href=\"http:\/\/www.joud.ee\/\"><br \/>\n<\/a><a href=\"http:\/\/www.eestikalev.ee\/\">Eesti Spordiselts Kalev<\/a><a href=\"http:\/\/www.joud.ee\/\"><br \/>\n<\/a><a href=\"http:\/\/www.joud.ee\/\">Eestimaa Spordiliit J\u00f5ud<\/a><a href=\"http:\/\/www.koolisport.ee\/\"><br \/>\n<\/a><a href=\"http:\/\/www.easl.ee\/\">Eesti Akadeemiline Spordiliit (EASL)<\/a><a href=\"http:\/\/www.koolisport.ee\/\"><br \/>\nEesti Koolispordi Liit<\/a><br \/>\n<a href=\"http:\/\/www.esvl.ee\/\">Eesti Spordiveteranide Liit<\/a><a href=\"http:\/\/www.tallinnasl.ee\/\"><br \/>\n<\/a><a href=\"http:\/\/www.harjusport.ee\/\">Harjumaa Spordiliit<\/a><a href=\"http:\/\/www.tallinnasl.ee\/\"><br \/>\n<\/a><a href=\"http:\/\/www.jslkalju.ee\/\">J\u00f5gevamaa Spordiliit Kalju<\/a><a href=\"http:\/\/www.tallinnasl.ee\/\"><br \/>\n<\/a><a href=\"http:\/\/www.jarvasport.ee\/\">J\u00e4rvamaa Spordiliit<\/a><a href=\"http:\/\/www.tallinnasl.ee\/\"><br \/>\n<\/a><a href=\"http:\/\/www.laanesport.ee\/\">L\u00e4\u00e4ne Maakonna Spordiinfo<\/a><a href=\"http:\/\/www.tallinnasl.ee\/\"><br \/>\n<\/a><a href=\"http:\/\/www.lvsl.ee\/\">L\u00e4\u00e4ne-Virumaa Spordiliit<\/a><a href=\"http:\/\/www.tallinnasl.ee\/\"><br \/>\n<\/a><a href=\"http:\/\/www.polvamaa.ee\/index.php?page=51&amp;\">P\u00f5lvamaa Sport<\/a><a href=\"http:\/\/www.tallinnasl.ee\/\"><br \/>\n<\/a><a href=\"http:\/\/www.psl.ee\/\">P\u00e4rnumaa Spordiliit<\/a><a href=\"http:\/\/www.tallinnasl.ee\/\"><br \/>\n<\/a><a href=\"http:\/\/www.raplamsl.ee\/\">Rapla Maakonna Spordiliit<\/a><a href=\"http:\/\/www.tallinnasl.ee\/\"><br \/>\n<\/a><a href=\"http:\/\/www.saaresport.ee\/\">Saaremaa Spordiliit<\/a><a href=\"http:\/\/www.tallinnasl.ee\/\"><br \/>\n<\/a><a href=\"http:\/\/www.maaspordiliit.ee\/index.php?mid=0\">Tartumaa Spordiliit<\/a><a href=\"http:\/\/www.tallinnasl.ee\/\"><br \/>\n<\/a><a href=\"http:\/\/www.valgamaasl.ee\/\">Valgamaa Spordiliit<\/a><a href=\"http:\/\/www.tallinnasl.ee\/\"><br \/>\n<\/a><a href=\"http:\/\/www.spordiliit.viljandimaa.ee\/?op=&amp;id=\">Viljandimaa Spordiliit<\/a><br \/>\n<a href=\"http:\/\/sportiv.ee\/\">Ida-Virumaa Spordiliit<\/a><\/p>\n<h2><strong><a href=\"https:\/\/www.spordiregister.ee\/et\/treener\/treeneriteregister\/\">\u0420\u0415\u0413\u0418\u0421\u0422\u0420<\/a><\/strong> \u0422\u0420\u0415\u041d\u0415\u0420\u041e\u0412 \u042d\u0421\u0422\u041e\u041d\u0418\u0418.<\/h2>\n<h2>\u0421\u041f\u041e\u0420\u0422\u0418\u0412\u041d\u042b\u0415 \u041a\u041b\u0423\u0411\u042b \u042d\u0421\u0422\u041e\u041d\u0418\u0418<\/h2>\n<p><a href=\"https:\/\/www.spordiregister.ee\/et\/organisatsioon\/list?submit=query&amp;order=nimi.asc&amp;nimi=&amp;maakond_id=1&amp;kov_id=142&amp;spordiala_id=0&amp;esrliik%5BKL%5D=on\">T\u0410\u041b\u041b\u0418\u041d\u041d<\/a><\/p>\n<p><a href=\"https:\/\/www.spordiregister.ee\/et\/organisatsioon\/list?submit=query&amp;order=nimi.asc&amp;nimi=&amp;maakond_id=14&amp;kov_id=206&amp;spordiala_id=0&amp;esrliik%5BKL%5D=on\">T\u0410\u0420\u0422\u0423<\/a><\/p>\n<p><a href=\"https:\/\/www.spordiregister.ee\/et\/organisatsioon\/list?submit=query&amp;order=nimi.asc&amp;nimi=&amp;maakond_id=13&amp;kov_id=168&amp;spordiala_id=0&amp;esrliik%5BKL%5D=on\">\u041f\u042f\u0420\u041d\u0423<\/a><\/p>\n<p><a href=\"https:\/\/www.spordiregister.ee\/et\/organisatsioon\/list?submit=query&amp;order=nimi.asc&amp;nimi=&amp;maakond_id=11&amp;kov_id=133&amp;spordiala_id=0&amp;esrliik%5BKL%5D=on\">\u0420\u0410\u041a\u0412\u0415\u0420\u0415<\/a><\/p>\n<p><a href=\"https:\/\/www.spordiregister.ee\/et\/organisatsioon\/list?submit=query&amp;order=nimi.asc&amp;nimi=&amp;maakond_id=15&amp;kov_id=213&amp;spordiala_id=0&amp;esrliik%5BKL%5D=on\">\u041d\u0410\u0420\u0412\u0410<\/a><\/p>\n<p><a href=\"https:\/\/www.spordiregister.ee\/et\/organisatsioon\/list?submit=query&amp;order=nimi.asc&amp;nimi=&amp;maakond_id=15&amp;kov_id=212&amp;spordiala_id=0&amp;esrliik%5BKL%5D=on\">K\u041e\u0425\u0422\u041b\u0410-\u042f\u0420\u0412\u0415<\/a><\/p>\n<p><a href=\"https:\/\/www.spordiregister.ee\/et\/organisatsioon\/list?submit=query&amp;order=nimi.asc&amp;nimi=&amp;maakond_id=15&amp;kov_id=216&amp;spordiala_id=0&amp;esrliik%5BKL%5D=on\">\u0421\u0418\u041b\u041b\u0410\u041c\u042f\u042d<\/a><\/p>\n<p><a href=\"https:\/\/www.spordiregister.ee\/et\/organisatsioon\/list?submit=query&amp;order=nimi.asc&amp;nimi=&amp;maakond_id=15&amp;kov_id=222&amp;spordiala_id=0&amp;esrliik%5BKL%5D=on\">\u0412\u041e\u041b\u041e\u0421\u0422\u042c \u0419\u042b\u0425\u0412\u0418<\/a><\/p>\n<p><a href=\"https:\/\/www.spordiregister.ee\/et\/organisatsioon\/list?submit=query&amp;order=nimi.asc&amp;nimi=&amp;maakond_id=12&amp;kov_id=154&amp;spordiala_id=0&amp;esrliik%5BKL%5D=on\">\u0412\u0418\u041b\u042c\u042f\u041d\u0414\u0418<\/a><\/p>\n<p><a href=\"https:\/\/www.spordiregister.ee\/et\/organisatsioon\/list?submit=query&amp;order=nimi.asc&amp;nimi=&amp;maakond_id=5&amp;kov_id=151&amp;spordiala_id=0&amp;esrliik%5BKL%5D=on\">\u041f\u0410\u0419\u0414\u0415<\/a><\/p>\n<p><a href=\"https:\/\/www.spordiregister.ee\/et\/organisatsioon\/list?submit=query&amp;order=nimi.asc&amp;nimi=&amp;maakond_id=5&amp;kov_id=151&amp;spordiala_id=0&amp;esrliik%5BKL%5D=on\">\u0412\u041e\u041b\u041e\u0421\u0422\u042c \u0412\u0410\u041b\u0413\u0410 <\/a><\/p>\n<h2>\u0421\u043f\u043e\u0440\u0442\u0438\u0432\u043d\u044b\u0435 \u043e\u0440\u0433\u0430\u043d\u0438\u0437\u0430\u0446\u0438\u0438 \u0433. \u041d\u0430\u0440\u0432\u0430<\/h2>\n<table width=\"100%\">\n<tbody>\n<tr>\n<td><a href=\"http:\/\/www.skenergia.ee\/index.php\/ru\/kontakt\"><strong>\u0421\u043f\u043e\u0440\u0442\u0448\u043a\u043e\u043b\u0430 \u00ab\u042d\u043d\u0435\u0440\u0433\u0438\u044f\u00bb<\/strong><\/a><br \/>\n\u0412\u044b\u0439\u0434\u0443 4, 21006<br \/>\n\u041d\u0430\u0440\u0432\u0430<br \/>\n\u0422\u0435\u043b. 3571415<br \/>\n<a href=\"mailto:info@skenergia.ee\">info@skenergia.ee<\/a><\/td>\n<td><a href=\"http:\/\/www.npsk.ee\/index.php?option=com_content&amp;task=view&amp;id=25&amp;Itemid=46\"><strong>\u0421\u043f\u043e\u0440\u0442\u0448\u043a\u043e\u043b\u0430 \u00ab\u041f\u0430\u044d\u043c\u0443\u0440\u0440\u0443\u00bb<\/strong><\/a><br \/>\n26 \u0418\u044e\u043b\u044f 4, 20104<br \/>\n\u041d\u0430\u0440\u0432\u0430<br \/>\n\u0422\u0435\u043b. 3566181<br \/>\n<a href=\"mailto:npsk@hot.ee\">npsk@hot.ee<\/a><\/td>\n<td><a href=\"http:\/\/www.spordikeskus.ee\/index.php\/ru\/\"><strong>\u0421\u043f\u043e\u0440\u0442\u0438\u0432\u043d\u044b\u0439 \u0446\u0435\u043d\u0442\u0440<\/strong><\/a><br \/>\n\u0420\u0430\u043a\u0432\u0435\u0440\u0435 22d, 20305 \u041d\u0430\u0440\u0432\u0430<br \/>\n\u0422\u0435\u043b. 3578600<br \/>\n<a href=\"mailto:narva@spordikeskus.ee\">narva@spordikeskus.ee<\/a><\/td>\n<\/tr>\n<tr>\n<td><a href=\"http:\/\/www.skenergia.ee\/index.php\/ru\/basseyn\"><strong>\u0411\u0430\u0441\u0441\u0435\u0439\u043d<\/strong><\/a><br \/>\n\u0412\u044b\u0439\u0434\u0443 4,<br \/>\nNarva<br \/>\n\u0422\u0435\u043b. 3594834<br \/>\n<a href=\"mailto:info@skenergia.ee\">info@skenergia.ee<\/a><\/td>\n<td><a href=\"http:\/\/www.npsk.ee\/index.php?lang=russian\"><strong>\u041b\u0435\u0434\u043e\u0432\u044b\u0439 \u0445\u043e\u043b\u043b<\/strong><\/a><br \/>\n26 \u0418\u044e\u043b\u044f 4,<br \/>\n\u041d\u0430\u0440\u0432\u0430<br \/>\n\u041a\u0430\u0441\u0441a, \u0442\u0435\u043b. 3566191<br \/>\n\u0412\u0430\u0445\u0442\u0430, \u0442\u0435\u043b. 3566199<br \/>\n<a href=\"mailto:npsk@hot.ee\">npsk@hot.ee<\/a><\/td>\n<td><a href=\"http:\/\/www.npsk.ee\/index.php?option=com_content&amp;task=view&amp;id=19&amp;Itemid=36\"><strong>\u0421\u0442\u0440\u0435\u043b\u043a\u043e\u0432\u044b\u0439 \u0442\u0438\u0440<\/strong><\/a><br \/>\nA. \u041f\u0443\u0448\u043a\u0438\u043d\u0430 25a,<br \/>\n\u041d\u0430\u0440\u0432\u0430<br \/>\n\u0422\u0435\u043b. 3542700, 3566182<br \/>\n<a href=\"mailto:npsk@hot.ee\">npsk@hot.ee<\/a><\/td>\n<\/tr>\n<tr>\n<td><a href=\"http:\/\/www.skenergia.ee\/index.php\/ru\/\"><strong>\u0421\u043f\u043e\u0440\u0442\u0445\u043e\u043b\u043b \u00ab\u042d\u043d\u0435\u0440\u0433\u0438\u044f\u00bb<\/strong><\/a><br \/>\n\u0422\u0430\u043b\u043b\u0438\u043d\u043d\u0441\u043a\u043e\u0435 \u0448\u043e\u0441\u0441\u0435 30, \u041d\u0430\u0440\u0432\u0430<br \/>\n\u0422\u0435\u043b. 3592633<br \/>\n<a href=\"mailto:info@skenergia.ee\">info@skenergia.ee<\/a><\/td>\n<td><a href=\"http:\/\/www.npsk.ee\/index.php?option=com_content&amp;task=view&amp;id=18&amp;Itemid=37\"><strong>\u0417\u0430\u043b \u043d\u0430\u0441\u0442\u043e\u043b\u044c\u043d\u043e\u0433\u043e \u0442\u0435\u043d\u043d\u0438\u0441\u0430<\/strong><\/a><br \/>\nA. \u041f\u0443\u0448\u043a\u0438\u043d\u0430 25b,<br \/>\n\u041d\u0430\u0440\u0432\u0430<br \/>\n\u0422\u0435\u043b. 3541651, 3566183<br \/>\n<a href=\"mailto:npsk@hot.ee\">npsk@hot.ee<\/a><\/td>\n<td><a href=\"http:\/\/www.skenergia.ee\/index.php\/ru\/\"><strong>\u0413\u0440\u0435\u0431\u043d\u0430\u044f \u0431\u0430\u0437\u0430<\/strong><\/a><br \/>\n\u0419\u044b\u044d 1,<br \/>\n\u041d\u0430\u0440\u0432\u0430<br \/>\n\u0422\u0435\u043b. 3575125<br \/>\n<a href=\"mailto:info@skenergia.ee\">info@skenergia.ee<\/a><\/td>\n<\/tr>\n<\/tbody>\n<\/table>\n","protected":false},"excerpt":{"rendered":"<p>\u042d\u0421\u0422\u041e\u041d\u0421\u041a\u0418\u0419 \u041e\u041b\u0418\u041c\u041f\u0418\u0419\u0421\u041a\u0418\u0419 \u041a\u041e\u041c\u0418\u0422\u0415\u0422 https:\/\/www.eok.ee\/et \u0423\u0415\u0417\u0414\u041d\u042b\u0415 \u0421\u041f\u041e\u0420\u0422\u0418\u0412\u041d\u042b\u0415 \u0421\u041e\u042e\u0417\u042b Hiiumaa Spordiliit Eesti Spordiselts Kalev Eestimaa Spordiliit J\u00f5ud Eesti Akadeemiline Spordiliit (EASL) Eesti Koolispordi Liit Eesti Spordiveteranide Liit Harjumaa Spordiliit J\u00f5gevamaa Spordiliit Kalju J\u00e4rvamaa Spordiliit L\u00e4\u00e4ne Maakonna Spordiinfo L\u00e4\u00e4ne-Virumaa Spordiliit P\u00f5lvamaa Sport P\u00e4rnumaa Spordiliit Rapla Maakonna Spordiliit Saaremaa Spordiliit Tartumaa Spordiliit Valgamaa Spordiliit Viljandimaa Spordiliit Ida-Virumaa Spordiliit \u0420\u0415\u0413\u0418\u0421\u0422\u0420 [&hellip;]<\/p>\n","protected":false},"author":80,"featured_media":0,"parent":0,"menu_order":0,"comment_status":"closed","ping_status":"closed","template":"","meta":{"_seopress_robots_primary_cat":"","_seopress_titles_title":"","_seopress_titles_desc":"","_seopress_robots_index":"","footnotes":""},"class_list":["post-99213","page","type-page","status-publish"],"_links":{"self":[{"href":"https:\/\/www.sekundomer.ee\/ru\/wp-json\/wp\/v2\/pages\/99213","targetHints":{"allow":["GET"]}}],"collection":[{"href":"https:\/\/www.sekundomer.ee\/ru\/wp-json\/wp\/v2\/pages"}],"about":[{"href":"https:\/\/www.sekundomer.ee\/ru\/wp-json\/wp\/v2\/types\/page"}],"author":[{"embeddable":true,"href":"https:\/\/www.sekundomer.ee\/ru\/wp-json\/wp\/v2\/users\/80"}],"replies":[{"embeddable":true,"href":"https:\/\/www.sekundomer.ee\/ru\/wp-json\/wp\/v2\/comments?post=99213"}],"version-history":[{"count":0,"href":"https:\/\/www.sekundomer.ee\/ru\/wp-json\/wp\/v2\/pages\/99213\/revisions"}],"wp:attachment":[{"href":"https:\/\/www.sekundomer.ee\/ru\/wp-json\/wp\/v2\/media?parent=99213"}],"curies":[{"name":"wp","href":"https:\/\/api.w.org\/{rel}","templated":true}]}}